{"id":7427,"date":"2023-02-07T16:33:24","date_gmt":"2023-02-07T16:33:24","guid":{"rendered":"https:\/\/lavallee.ch\/product\/giftbox-crystal-edition\/"},"modified":"2023-02-07T17:31:06","modified_gmt":"2023-02-07T17:31:06","slug":"giftbox-crystal-edition","status":"publish","type":"product","link":"https:\/\/lavallee.ch\/fr\/produit\/giftbox-crystal-edition\/","title":{"rendered":"Giftbox Crystal Edition"},"content":{"rendered":"","protected":false},"excerpt":{"rendered":"<p class=\"elementToProof ContentPasted0 ContentPasted2 ContentPasted3\">Brighten your Valentine&#8217;s Day with our giftbox Crystal Edition A skincare duo from our Lightening Collection<\/p>\n<div>\n<h2 class=\"product_title title ContentPasted5\">Lightening Cream<span class=\"ContentPasted5\">50ml<\/span><\/h2>\n<div class=\"woocommerce-product-details__short-description\">\n<p class=\"ContentPasted5\">Con\u00e7ue pour offrir une hydratation et protection (SPF 30) tout au long de la journ\u00e9e, cette cr\u00e8me r\u00e9g\u00e9n\u00e8re et nourrit les cellules. Elle pr\u00e9vient le vieillissement pr\u00e9matur\u00e9 de la peau en diminuant les imperfections et am\u00e9liorant sa texture. Son utilisation r\u00e9guli\u00e8re permet un \u00e9claircissement progressif et un teint \u00e9clatant.<\/p>\n<hr class=\"ContentPasted5\" \/>\n<p class=\"ContentPasted5\">Ingredients: Lightening complex (mulberry extract, bearberry \/ uva ursi extract, vitamin C),\u00a0Nectapure, Vitamin E, Lemon essential oil, Orange essential oil, Panthenol, Sun-filter complex, Sweet almond oil.<span class=\"sku_wrapper\"><span class=\"sku ContentPasted5\"><br \/>\n<\/span><\/span><\/p>\n<\/div>\n<div class=\"product_meta elementToProof\">\n<h2 class=\"product_title title ContentPasted6\">Lightening Elixir<span class=\"ContentPasted6\">30ml<\/span><\/h2>\n<div class=\"woocommerce-product-details__short-description\">\n<p class=\"ContentPasted6\">Riche en extraits v\u00e9g\u00e9taux, vitamines et ingr\u00e9dients apaisants, cet \u00e9lixir agit en profondeur pour uniformiser le teint et lui redonner son \u00e9clat.<\/p>\n<hr class=\"ContentPasted6\" \/>\n<p class=\"ContentPasted6\">Ingredients: Lightening complex (mulberry extract, bearberry\/ uva ursi extract, vitamin C and PP), Nectapure, Lemon essential oil, Orange essential oil, Panthenol.<\/p>\n<\/div>\n<\/div>\n<\/div>\n","protected":false},"featured_media":7425,"template":"","meta":[],"indications":[133,166,154,140],"ingredients":[237,245,238],"product_cat":[234],"product_tag":[],"acf":[],"_links":{"self":[{"href":"https:\/\/lavallee.ch\/fr\/wp-json\/wp\/v2\/product\/7427"}],"collection":[{"href":"https:\/\/lavallee.ch\/fr\/wp-json\/wp\/v2\/product"}],"about":[{"href":"https:\/\/lavallee.ch\/fr\/wp-json\/wp\/v2\/types\/product"}],"wp:featuredmedia":[{"embeddable":true,"href":"https:\/\/lavallee.ch\/fr\/wp-json\/wp\/v2\/media\/7425"}],"wp:attachment":[{"href":"https:\/\/lavallee.ch\/fr\/wp-json\/wp\/v2\/media?parent=7427"}],"wp:term":[{"taxonomy":"indications","embeddable":true,"href":"https:\/\/lavallee.ch\/fr\/wp-json\/wp\/v2\/indications?post=7427"},{"taxonomy":"ingredients","embeddable":true,"href":"https:\/\/lavallee.ch\/fr\/wp-json\/wp\/v2\/ingredients?post=7427"},{"taxonomy":"product_cat","embeddable":true,"href":"https:\/\/lavallee.ch\/fr\/wp-json\/wp\/v2\/product_cat?post=7427"},{"taxonomy":"product_tag","embeddable":true,"href":"https:\/\/lavallee.ch\/fr\/wp-json\/wp\/v2\/product_tag?post=7427"}],"curies":[{"name":"wp","href":"https:\/\/api.w.org\/{rel}","templated":true}]}}