{"id":6406,"date":"2020-06-25T10:05:15","date_gmt":"2020-06-25T10:05:17","guid":{"rendered":"https:\/\/lavallee.ch\/?post_type=product&#038;p=6406"},"modified":"2020-06-25T14:30:03","modified_gmt":"2020-06-25T14:30:03","slug":"soin-repair-apres-soleil","status":"publish","type":"product","link":"https:\/\/lavallee.ch\/fr\/produit\/soin-repair-apres-soleil\/","title":{"rendered":"Soin Repair Apr\u00e8s-Soleil"},"content":{"rendered":"","protected":false},"excerpt":{"rendered":"<p class=\"p1\">Ce Soin Repair Apr\u00e8s-soleil en \u00e9mulsion hydrate et apaise imm\u00e9diatement la peau tout en prolongeant le bronzage. Son complexe \u00e9claircissant aux extraits botaniques aide \u00e0 unifier le teint apr\u00e8s exposition au soleil.<\/p>\n<p class=\"p1\"><span class=\"s1\">Texture \u00e9mulsion en gel rafraichissant.<\/span><\/p>\n<hr \/>\n<p>Ingr\u00e9dients: <b><\/b><span class=\"s1\">Saccharide Isomerate &amp; Hyaluronic acid, <\/span><span class=\"s1\">Huiles essentielles orange &amp; citron, <\/span><span class=\"s1\">Bisabolol &amp; Panthenol, <\/span>Co<span class=\"s1\">mplexe \u00e9claircissant, <\/span><span class=\"s1\">Vitamine C<\/span><\/p>\n","protected":false},"featured_media":6426,"template":"","meta":[],"indications":[156,133,175],"ingredients":[245,238],"product_cat":[250],"product_tag":[],"acf":[],"_links":{"self":[{"href":"https:\/\/lavallee.ch\/fr\/wp-json\/wp\/v2\/product\/6406"}],"collection":[{"href":"https:\/\/lavallee.ch\/fr\/wp-json\/wp\/v2\/product"}],"about":[{"href":"https:\/\/lavallee.ch\/fr\/wp-json\/wp\/v2\/types\/product"}],"wp:featuredmedia":[{"embeddable":true,"href":"https:\/\/lavallee.ch\/fr\/wp-json\/wp\/v2\/media\/6426"}],"wp:attachment":[{"href":"https:\/\/lavallee.ch\/fr\/wp-json\/wp\/v2\/media?parent=6406"}],"wp:term":[{"taxonomy":"indications","embeddable":true,"href":"https:\/\/lavallee.ch\/fr\/wp-json\/wp\/v2\/indications?post=6406"},{"taxonomy":"ingredients","embeddable":true,"href":"https:\/\/lavallee.ch\/fr\/wp-json\/wp\/v2\/ingredients?post=6406"},{"taxonomy":"product_cat","embeddable":true,"href":"https:\/\/lavallee.ch\/fr\/wp-json\/wp\/v2\/product_cat?post=6406"},{"taxonomy":"product_tag","embeddable":true,"href":"https:\/\/lavallee.ch\/fr\/wp-json\/wp\/v2\/product_tag?post=6406"}],"curies":[{"name":"wp","href":"https:\/\/api.w.org\/{rel}","templated":true}]}}