{"id":6404,"date":"2020-06-25T09:58:32","date_gmt":"2020-06-25T09:58:33","guid":{"rendered":"https:\/\/lavallee.ch\/?post_type=product&#038;p=6404"},"modified":"2020-06-25T14:19:30","modified_gmt":"2020-06-25T14:19:30","slug":"protection-solaire-corps-spf50","status":"publish","type":"product","link":"https:\/\/lavallee.ch\/fr\/produit\/protection-solaire-corps-spf50\/","title":{"rendered":"Protection Solaire Corps SPF 50"},"content":{"rendered":"","protected":false},"excerpt":{"rendered":"<p>Cet \u00e9cran solaire haute protection pour le corps prot\u00e8ge efficacement la peau des rayons UV du soleil gr\u00e2ce \u00e0 une combinaison de filtres UVA\/UVB hautement performants et d\u2019une selection d\u2019extraits botaniques actifs.<\/p>\n<p>La texture est fluide, non grasse et est rapidement absorb\u00e9e par la peau, assurant une application agr\u00e9able et une protection solaire optimis\u00e9e.<\/p>\n<hr \/>\n<p>Ingr\u00e9dients: <span class=\"s1\">Cellules souches Dolichos Biflorus, <\/span><span class=\"s1\">Cellules souches de l\u2019arbre en coton de soir \u00e0 fleurs rouges <\/span><\/p>\n<ul class=\"ul1\">\n<li><\/li>\n<\/ul>\n","protected":false},"featured_media":6424,"template":"","meta":[],"indications":[133,155,145],"ingredients":[263,262,261],"product_cat":[250],"product_tag":[],"acf":[],"_links":{"self":[{"href":"https:\/\/lavallee.ch\/fr\/wp-json\/wp\/v2\/product\/6404"}],"collection":[{"href":"https:\/\/lavallee.ch\/fr\/wp-json\/wp\/v2\/product"}],"about":[{"href":"https:\/\/lavallee.ch\/fr\/wp-json\/wp\/v2\/types\/product"}],"wp:featuredmedia":[{"embeddable":true,"href":"https:\/\/lavallee.ch\/fr\/wp-json\/wp\/v2\/media\/6424"}],"wp:attachment":[{"href":"https:\/\/lavallee.ch\/fr\/wp-json\/wp\/v2\/media?parent=6404"}],"wp:term":[{"taxonomy":"indications","embeddable":true,"href":"https:\/\/lavallee.ch\/fr\/wp-json\/wp\/v2\/indications?post=6404"},{"taxonomy":"ingredients","embeddable":true,"href":"https:\/\/lavallee.ch\/fr\/wp-json\/wp\/v2\/ingredients?post=6404"},{"taxonomy":"product_cat","embeddable":true,"href":"https:\/\/lavallee.ch\/fr\/wp-json\/wp\/v2\/product_cat?post=6404"},{"taxonomy":"product_tag","embeddable":true,"href":"https:\/\/lavallee.ch\/fr\/wp-json\/wp\/v2\/product_tag?post=6404"}],"curies":[{"name":"wp","href":"https:\/\/api.w.org\/{rel}","templated":true}]}}