{"id":6401,"date":"2020-06-25T09:30:31","date_gmt":"2020-06-25T09:30:32","guid":{"rendered":"https:\/\/lavallee.ch\/?post_type=product&#038;p=6401"},"modified":"2020-06-25T14:18:18","modified_gmt":"2020-06-25T14:18:18","slug":"protection-solaire-visage-spf50","status":"publish","type":"product","link":"https:\/\/lavallee.ch\/fr\/produit\/protection-solaire-visage-spf50\/","title":{"rendered":"Protection Solaire Visage SPF 50\u00a0"},"content":{"rendered":"","protected":false},"excerpt":{"rendered":"<p>Cet \u00e9cran solaire haute protection pour le visage prot\u00e8ge efficacement la peau des rayons UV du soleil gr\u00e2ce \u00e0 une combinaison de filtres UVA\/UVB hautement performants et d\u2019une selection d\u2019extraits botaniques actifs.<\/p>\n<p>La texture est fluide, non-grasse et est rapidement absorb\u00e9e par la peau, assurant une application agr\u00e9able et une protection solaire optimis\u00e9e.<\/p>\n<hr \/>\n<p>Ingr\u00e9dients: <span class=\"s1\">Extraits d\u2019algues marines, <\/span><span class=\"s1\">Cellules souches de fenouil marin<\/span><\/p>\n","protected":false},"featured_media":6422,"template":"","meta":[],"indications":[133,155,145],"ingredients":[263,262,261],"product_cat":[250],"product_tag":[],"acf":[],"_links":{"self":[{"href":"https:\/\/lavallee.ch\/fr\/wp-json\/wp\/v2\/product\/6401"}],"collection":[{"href":"https:\/\/lavallee.ch\/fr\/wp-json\/wp\/v2\/product"}],"about":[{"href":"https:\/\/lavallee.ch\/fr\/wp-json\/wp\/v2\/types\/product"}],"wp:featuredmedia":[{"embeddable":true,"href":"https:\/\/lavallee.ch\/fr\/wp-json\/wp\/v2\/media\/6422"}],"wp:attachment":[{"href":"https:\/\/lavallee.ch\/fr\/wp-json\/wp\/v2\/media?parent=6401"}],"wp:term":[{"taxonomy":"indications","embeddable":true,"href":"https:\/\/lavallee.ch\/fr\/wp-json\/wp\/v2\/indications?post=6401"},{"taxonomy":"ingredients","embeddable":true,"href":"https:\/\/lavallee.ch\/fr\/wp-json\/wp\/v2\/ingredients?post=6401"},{"taxonomy":"product_cat","embeddable":true,"href":"https:\/\/lavallee.ch\/fr\/wp-json\/wp\/v2\/product_cat?post=6401"},{"taxonomy":"product_tag","embeddable":true,"href":"https:\/\/lavallee.ch\/fr\/wp-json\/wp\/v2\/product_tag?post=6401"}],"curies":[{"name":"wp","href":"https:\/\/api.w.org\/{rel}","templated":true}]}}