{"id":6363,"date":"2019-01-28T15:26:17","date_gmt":"2019-01-28T15:26:17","guid":{"rendered":"https:\/\/lavallee.ch\/product\/soin-fermete-rajeunissant-yeux\/"},"modified":"2020-06-30T08:40:51","modified_gmt":"2020-06-30T08:40:51","slug":"soin-fermete-rajeunissant-yeux","status":"publish","type":"product","link":"https:\/\/lavallee.ch\/fr\/produit\/soin-fermete-rajeunissant-yeux\/","title":{"rendered":"Soin Fermet\u00e9 Rajeunissant Yeux"},"content":{"rendered":"","protected":false},"excerpt":{"rendered":"<p>Ce soin est un traitement anti-\u00e2ge globale dont la formule brevet\u00e9e contient un concentr\u00e9 puissant de cellules souches de framboise, de complexe peptidique BioNymphe qui ciblent les effets du rel\u00e2chement de la peau. Il stimule les fonctions naturelles de la peau. Son action permet de diminuer visiblement l&#8217;apparence des rides et ridules tout en att\u00e9nuant les poches et les cernes. Le contour des yeux est liss\u00e9 et raffermi, pour un regard rajeuni.<\/p>\n","protected":false},"featured_media":6305,"template":"","meta":[],"indications":[147,133,154,187],"ingredients":[246,228],"product_cat":[230],"product_tag":[],"acf":[],"_links":{"self":[{"href":"https:\/\/lavallee.ch\/fr\/wp-json\/wp\/v2\/product\/6363"}],"collection":[{"href":"https:\/\/lavallee.ch\/fr\/wp-json\/wp\/v2\/product"}],"about":[{"href":"https:\/\/lavallee.ch\/fr\/wp-json\/wp\/v2\/types\/product"}],"wp:featuredmedia":[{"embeddable":true,"href":"https:\/\/lavallee.ch\/fr\/wp-json\/wp\/v2\/media\/6305"}],"wp:attachment":[{"href":"https:\/\/lavallee.ch\/fr\/wp-json\/wp\/v2\/media?parent=6363"}],"wp:term":[{"taxonomy":"indications","embeddable":true,"href":"https:\/\/lavallee.ch\/fr\/wp-json\/wp\/v2\/indications?post=6363"},{"taxonomy":"ingredients","embeddable":true,"href":"https:\/\/lavallee.ch\/fr\/wp-json\/wp\/v2\/ingredients?post=6363"},{"taxonomy":"product_cat","embeddable":true,"href":"https:\/\/lavallee.ch\/fr\/wp-json\/wp\/v2\/product_cat?post=6363"},{"taxonomy":"product_tag","embeddable":true,"href":"https:\/\/lavallee.ch\/fr\/wp-json\/wp\/v2\/product_tag?post=6363"}],"curies":[{"name":"wp","href":"https:\/\/api.w.org\/{rel}","templated":true}]}}