{"id":6362,"date":"2019-01-28T15:23:07","date_gmt":"2019-01-28T15:23:07","guid":{"rendered":"https:\/\/lavallee.ch\/product\/serum-precieux-reparateur-fermete\/"},"modified":"2020-06-30T08:41:39","modified_gmt":"2020-06-30T08:41:39","slug":"serum-precieux-reparateur-fermete","status":"publish","type":"product","link":"https:\/\/lavallee.ch\/fr\/produit\/serum-precieux-reparateur-fermete\/","title":{"rendered":"S\u00e9rum Pr\u00e9cieux R\u00e9parateur Fermet\u00e9"},"content":{"rendered":"","protected":false},"excerpt":{"rendered":"<p>Ce s\u00e9rum pr\u00e9cieux est un traitement anti-\u00e2ge global pour les peaux matures, d\u00e9vitalis\u00e9es et fatigu\u00e9es. Enrichi d\u2019extrait de cellules souches de framboises et gr\u00e2ce au complexe peptidique BioNymphe, il cible les effets li\u00e9s au rel\u00e2chement cutan\u00e9. Nourrie en profondeur, la peau para\u00eet lift\u00e9e et le teint radieux.<\/p>\n","protected":false},"featured_media":6304,"template":"","meta":[],"indications":[133,148,154,186],"ingredients":[246,228],"product_cat":[230],"product_tag":[],"acf":[],"_links":{"self":[{"href":"https:\/\/lavallee.ch\/fr\/wp-json\/wp\/v2\/product\/6362"}],"collection":[{"href":"https:\/\/lavallee.ch\/fr\/wp-json\/wp\/v2\/product"}],"about":[{"href":"https:\/\/lavallee.ch\/fr\/wp-json\/wp\/v2\/types\/product"}],"wp:featuredmedia":[{"embeddable":true,"href":"https:\/\/lavallee.ch\/fr\/wp-json\/wp\/v2\/media\/6304"}],"wp:attachment":[{"href":"https:\/\/lavallee.ch\/fr\/wp-json\/wp\/v2\/media?parent=6362"}],"wp:term":[{"taxonomy":"indications","embeddable":true,"href":"https:\/\/lavallee.ch\/fr\/wp-json\/wp\/v2\/indications?post=6362"},{"taxonomy":"ingredients","embeddable":true,"href":"https:\/\/lavallee.ch\/fr\/wp-json\/wp\/v2\/ingredients?post=6362"},{"taxonomy":"product_cat","embeddable":true,"href":"https:\/\/lavallee.ch\/fr\/wp-json\/wp\/v2\/product_cat?post=6362"},{"taxonomy":"product_tag","embeddable":true,"href":"https:\/\/lavallee.ch\/fr\/wp-json\/wp\/v2\/product_tag?post=6362"}],"curies":[{"name":"wp","href":"https:\/\/api.w.org\/{rel}","templated":true}]}}