{"id":6361,"date":"2019-01-28T15:20:50","date_gmt":"2019-01-28T15:20:50","guid":{"rendered":"https:\/\/lavallee.ch\/product\/soin-precieux-lumiere-intense\/"},"modified":"2020-06-30T08:42:06","modified_gmt":"2020-06-30T08:42:06","slug":"soin-precieux-lumiere-intense","status":"publish","type":"product","link":"https:\/\/lavallee.ch\/fr\/produit\/soin-precieux-lumiere-intense\/","title":{"rendered":"Soin Pr\u00e9cieux Lumi\u00e8re Intense"},"content":{"rendered":"","protected":false},"excerpt":{"rendered":"<p>Bas\u00e9 sur les derni\u00e8res recherches biotechnologiques, ce soin pr\u00e9cieux est un traitement anti-\u00e2ge global pour les peaux matures, d\u00e9vitalis\u00e9es et fatigu\u00e9es. Enrichi en extrait de cellules souches de framboise et gr\u00e2ce au complexe Peptidique BioNymphe, il stimule les fonctions naturelles r\u00e9paratrices de l\u2019ADN et la synth\u00e8se de nouveau collag\u00e8ne tout en diminuant la production de radicaux libres. L\u2019\u00e9piderme est instantan\u00e9ment plus lisse et visiblement plus ferme. Prot\u00e9g\u00e9e des agressions ext\u00e9rieures, la peau retrouve un grain affin\u00e9 pour un teint unifi\u00e9, \u00e9clatant et sublime.<\/p>\n","protected":false},"featured_media":6303,"template":"","meta":[],"indications":[147,133,150,185],"ingredients":[246,228],"product_cat":[230],"product_tag":[],"acf":[],"_links":{"self":[{"href":"https:\/\/lavallee.ch\/fr\/wp-json\/wp\/v2\/product\/6361"}],"collection":[{"href":"https:\/\/lavallee.ch\/fr\/wp-json\/wp\/v2\/product"}],"about":[{"href":"https:\/\/lavallee.ch\/fr\/wp-json\/wp\/v2\/types\/product"}],"wp:featuredmedia":[{"embeddable":true,"href":"https:\/\/lavallee.ch\/fr\/wp-json\/wp\/v2\/media\/6303"}],"wp:attachment":[{"href":"https:\/\/lavallee.ch\/fr\/wp-json\/wp\/v2\/media?parent=6361"}],"wp:term":[{"taxonomy":"indications","embeddable":true,"href":"https:\/\/lavallee.ch\/fr\/wp-json\/wp\/v2\/indications?post=6361"},{"taxonomy":"ingredients","embeddable":true,"href":"https:\/\/lavallee.ch\/fr\/wp-json\/wp\/v2\/ingredients?post=6361"},{"taxonomy":"product_cat","embeddable":true,"href":"https:\/\/lavallee.ch\/fr\/wp-json\/wp\/v2\/product_cat?post=6361"},{"taxonomy":"product_tag","embeddable":true,"href":"https:\/\/lavallee.ch\/fr\/wp-json\/wp\/v2\/product_tag?post=6361"}],"curies":[{"name":"wp","href":"https:\/\/api.w.org\/{rel}","templated":true}]}}