{"id":6360,"date":"2019-01-28T15:10:14","date_gmt":"2019-01-28T15:10:14","guid":{"rendered":"https:\/\/lavallee.ch\/product\/caviar-essence-creme-yeux\/"},"modified":"2019-01-28T15:10:14","modified_gmt":"2019-01-28T15:10:14","slug":"caviar-essence-creme-yeux","status":"publish","type":"product","link":"https:\/\/lavallee.ch\/fr\/produit\/caviar-essence-creme-yeux\/","title":{"rendered":"Caviar Essence Cr\u00e8me Yeux"},"content":{"rendered":"","protected":false},"excerpt":{"rendered":"<p>Sp\u00e9cialement formul\u00e9e pour la zone sensible du contour des yeux, cette cr\u00e8me anti-\u00e2ge aux extraits de caviar combat les signes de fatigue. Elle redonne tonicit\u00e9 aux tissus en assure une protection hydrolipidique renforc\u00e9e. La peau est plus ferme et le regard plus lumineux. <\/p>\n","protected":false},"featured_media":6290,"template":"","meta":[],"indications":[147,133,154,183],"ingredients":[243],"product_cat":[232],"product_tag":[],"acf":[],"_links":{"self":[{"href":"https:\/\/lavallee.ch\/fr\/wp-json\/wp\/v2\/product\/6360"}],"collection":[{"href":"https:\/\/lavallee.ch\/fr\/wp-json\/wp\/v2\/product"}],"about":[{"href":"https:\/\/lavallee.ch\/fr\/wp-json\/wp\/v2\/types\/product"}],"wp:featuredmedia":[{"embeddable":true,"href":"https:\/\/lavallee.ch\/fr\/wp-json\/wp\/v2\/media\/6290"}],"wp:attachment":[{"href":"https:\/\/lavallee.ch\/fr\/wp-json\/wp\/v2\/media?parent=6360"}],"wp:term":[{"taxonomy":"indications","embeddable":true,"href":"https:\/\/lavallee.ch\/fr\/wp-json\/wp\/v2\/indications?post=6360"},{"taxonomy":"ingredients","embeddable":true,"href":"https:\/\/lavallee.ch\/fr\/wp-json\/wp\/v2\/ingredients?post=6360"},{"taxonomy":"product_cat","embeddable":true,"href":"https:\/\/lavallee.ch\/fr\/wp-json\/wp\/v2\/product_cat?post=6360"},{"taxonomy":"product_tag","embeddable":true,"href":"https:\/\/lavallee.ch\/fr\/wp-json\/wp\/v2\/product_tag?post=6360"}],"curies":[{"name":"wp","href":"https:\/\/api.w.org\/{rel}","templated":true}]}}