{"id":6359,"date":"2019-01-28T14:57:40","date_gmt":"2019-01-28T14:57:40","guid":{"rendered":"https:\/\/lavallee.ch\/product\/emulsion-de-soin-apres-soleil\/"},"modified":"2020-06-30T08:42:42","modified_gmt":"2020-06-30T08:42:42","slug":"emulsion-de-soin-apres-soleil","status":"publish","type":"product","link":"https:\/\/lavallee.ch\/fr\/produit\/emulsion-de-soin-apres-soleil\/","title":{"rendered":"Emulsion de Soin Apr\u00e8s-Soleil"},"content":{"rendered":"","protected":false},"excerpt":{"rendered":"<p>Avec ses principes actifs aux propri\u00e9t\u00e9s hydratantes, r\u00e9g\u00e9n\u00e9rantes et apaisantes, cette \u00e9mulsion restaure l\u2019\u00e9piderme endommag\u00e9 par les rayons du soleil. Son complexe \u00e9claircissant \u00e0 base d\u2019extraits botaniques aide \u00e0 produire un \u00e9claircissement progressif de la peau.<\/p>\n","protected":false},"featured_media":6302,"template":"","meta":[],"indications":[156,133,175,145],"ingredients":[238],"product_cat":[236],"product_tag":[],"acf":[],"_links":{"self":[{"href":"https:\/\/lavallee.ch\/fr\/wp-json\/wp\/v2\/product\/6359"}],"collection":[{"href":"https:\/\/lavallee.ch\/fr\/wp-json\/wp\/v2\/product"}],"about":[{"href":"https:\/\/lavallee.ch\/fr\/wp-json\/wp\/v2\/types\/product"}],"wp:featuredmedia":[{"embeddable":true,"href":"https:\/\/lavallee.ch\/fr\/wp-json\/wp\/v2\/media\/6302"}],"wp:attachment":[{"href":"https:\/\/lavallee.ch\/fr\/wp-json\/wp\/v2\/media?parent=6359"}],"wp:term":[{"taxonomy":"indications","embeddable":true,"href":"https:\/\/lavallee.ch\/fr\/wp-json\/wp\/v2\/indications?post=6359"},{"taxonomy":"ingredients","embeddable":true,"href":"https:\/\/lavallee.ch\/fr\/wp-json\/wp\/v2\/ingredients?post=6359"},{"taxonomy":"product_cat","embeddable":true,"href":"https:\/\/lavallee.ch\/fr\/wp-json\/wp\/v2\/product_cat?post=6359"},{"taxonomy":"product_tag","embeddable":true,"href":"https:\/\/lavallee.ch\/fr\/wp-json\/wp\/v2\/product_tag?post=6359"}],"curies":[{"name":"wp","href":"https:\/\/api.w.org\/{rel}","templated":true}]}}