{"id":6358,"date":"2019-01-28T14:56:25","date_gmt":"2019-01-28T14:56:25","guid":{"rendered":"https:\/\/lavallee.ch\/product\/emulsion-haute-protection-spf-30\/"},"modified":"2020-10-22T12:54:40","modified_gmt":"2020-10-22T12:54:40","slug":"emulsion-haute-protection-spf-30","status":"publish","type":"product","link":"https:\/\/lavallee.ch\/fr\/produit\/emulsion-haute-protection-spf-30\/","title":{"rendered":"Emulsion Haute Protection SPF 30"},"content":{"rendered":"","protected":false},"excerpt":{"rendered":"<p>Cet \u00e9cran solaire offre une protection extr\u00eame contre les rayons du soleil et les agressions dues aux agents polluants de l\u2019environnement. Gr\u00e2ce \u00e0 ses principes actifs aux propri\u00e9t\u00e9s hydratantes et \u00e9claircissantes, il laisse le teint unifi\u00e9 et \u00e9clatant.<\/p>\n","protected":false},"featured_media":6301,"template":"","meta":[],"indications":[133,155,162,145],"ingredients":[237,238],"product_cat":[236],"product_tag":[],"acf":[],"_links":{"self":[{"href":"https:\/\/lavallee.ch\/fr\/wp-json\/wp\/v2\/product\/6358"}],"collection":[{"href":"https:\/\/lavallee.ch\/fr\/wp-json\/wp\/v2\/product"}],"about":[{"href":"https:\/\/lavallee.ch\/fr\/wp-json\/wp\/v2\/types\/product"}],"wp:featuredmedia":[{"embeddable":true,"href":"https:\/\/lavallee.ch\/fr\/wp-json\/wp\/v2\/media\/6301"}],"wp:attachment":[{"href":"https:\/\/lavallee.ch\/fr\/wp-json\/wp\/v2\/media?parent=6358"}],"wp:term":[{"taxonomy":"indications","embeddable":true,"href":"https:\/\/lavallee.ch\/fr\/wp-json\/wp\/v2\/indications?post=6358"},{"taxonomy":"ingredients","embeddable":true,"href":"https:\/\/lavallee.ch\/fr\/wp-json\/wp\/v2\/ingredients?post=6358"},{"taxonomy":"product_cat","embeddable":true,"href":"https:\/\/lavallee.ch\/fr\/wp-json\/wp\/v2\/product_cat?post=6358"},{"taxonomy":"product_tag","embeddable":true,"href":"https:\/\/lavallee.ch\/fr\/wp-json\/wp\/v2\/product_tag?post=6358"}],"curies":[{"name":"wp","href":"https:\/\/api.w.org\/{rel}","templated":true}]}}