{"id":6355,"date":"2019-01-28T14:47:18","date_gmt":"2019-01-28T14:47:18","guid":{"rendered":"https:\/\/lavallee.ch\/product\/creme-normalisante-matifiante\/"},"modified":"2020-06-30T08:45:51","modified_gmt":"2020-06-30T08:45:51","slug":"creme-normalisante-matifiante","status":"publish","type":"product","link":"https:\/\/lavallee.ch\/fr\/produit\/creme-normalisante-matifiante\/","title":{"rendered":"Cr\u00e8me Normalisante Matifiante"},"content":{"rendered":"","protected":false},"excerpt":{"rendered":"<p>Enrichie en compos\u00e9s apaisants, cette cr\u00e8me aide \u00e0 r\u00e9tablir l\u2019\u00e9quilibre de l\u2019\u00e9piderme des peaux \u00e0 probl\u00e8mes et \u00e0 s\u00e9cr\u00e9tion excessive de s\u00e9bum. Elle agit sur le traitement et la pr\u00e9vention des imperfections tout en cr\u00e9ant une barri\u00e8re protectrice. Nettoy\u00e9e et purifi\u00e9e la peau retrouve un teint sain et mat<\/p>\n","protected":false},"featured_media":6311,"template":"","meta":[],"indications":[137,173,154,134],"ingredients":[237],"product_cat":[236],"product_tag":[],"acf":[],"_links":{"self":[{"href":"https:\/\/lavallee.ch\/fr\/wp-json\/wp\/v2\/product\/6355"}],"collection":[{"href":"https:\/\/lavallee.ch\/fr\/wp-json\/wp\/v2\/product"}],"about":[{"href":"https:\/\/lavallee.ch\/fr\/wp-json\/wp\/v2\/types\/product"}],"wp:featuredmedia":[{"embeddable":true,"href":"https:\/\/lavallee.ch\/fr\/wp-json\/wp\/v2\/media\/6311"}],"wp:attachment":[{"href":"https:\/\/lavallee.ch\/fr\/wp-json\/wp\/v2\/media?parent=6355"}],"wp:term":[{"taxonomy":"indications","embeddable":true,"href":"https:\/\/lavallee.ch\/fr\/wp-json\/wp\/v2\/indications?post=6355"},{"taxonomy":"ingredients","embeddable":true,"href":"https:\/\/lavallee.ch\/fr\/wp-json\/wp\/v2\/ingredients?post=6355"},{"taxonomy":"product_cat","embeddable":true,"href":"https:\/\/lavallee.ch\/fr\/wp-json\/wp\/v2\/product_cat?post=6355"},{"taxonomy":"product_tag","embeddable":true,"href":"https:\/\/lavallee.ch\/fr\/wp-json\/wp\/v2\/product_tag?post=6355"}],"curies":[{"name":"wp","href":"https:\/\/api.w.org\/{rel}","templated":true}]}}