{"id":6354,"date":"2019-01-28T14:44:29","date_gmt":"2019-01-28T14:44:29","guid":{"rendered":"https:\/\/lavallee.ch\/product\/gel-fermete-contour-des-yeux\/"},"modified":"2020-06-30T08:46:11","modified_gmt":"2020-06-30T08:46:11","slug":"gel-fermete-contour-des-yeux","status":"publish","type":"product","link":"https:\/\/lavallee.ch\/fr\/produit\/gel-fermete-contour-des-yeux\/","title":{"rendered":"Gel Fermet\u00e9 Contour des Yeux"},"content":{"rendered":"","protected":false},"excerpt":{"rendered":"<p>Ce gel contour des yeux exceptionnel pr\u00e9serve la zone d\u00e9licate du pourtour des yeux. Il lisse les rides et ridules, tout en nourrissant et hydratant les couches sup\u00e9rieures de l\u2019\u00e9piderme. Excellente base pour le maquillage, ce gel permet de r\u00e9duire visiblement les poches et les cernes. La peau du contour des yeux est plus souple et \u00e9lastique pour un regard plus \u00e9clatant.<\/p>\n","protected":false},"featured_media":6299,"template":"","meta":[],"indications":[133,142,172,154],"ingredients":[],"product_cat":[236],"product_tag":[],"acf":[],"_links":{"self":[{"href":"https:\/\/lavallee.ch\/fr\/wp-json\/wp\/v2\/product\/6354"}],"collection":[{"href":"https:\/\/lavallee.ch\/fr\/wp-json\/wp\/v2\/product"}],"about":[{"href":"https:\/\/lavallee.ch\/fr\/wp-json\/wp\/v2\/types\/product"}],"wp:featuredmedia":[{"embeddable":true,"href":"https:\/\/lavallee.ch\/fr\/wp-json\/wp\/v2\/media\/6299"}],"wp:attachment":[{"href":"https:\/\/lavallee.ch\/fr\/wp-json\/wp\/v2\/media?parent=6354"}],"wp:term":[{"taxonomy":"indications","embeddable":true,"href":"https:\/\/lavallee.ch\/fr\/wp-json\/wp\/v2\/indications?post=6354"},{"taxonomy":"ingredients","embeddable":true,"href":"https:\/\/lavallee.ch\/fr\/wp-json\/wp\/v2\/ingredients?post=6354"},{"taxonomy":"product_cat","embeddable":true,"href":"https:\/\/lavallee.ch\/fr\/wp-json\/wp\/v2\/product_cat?post=6354"},{"taxonomy":"product_tag","embeddable":true,"href":"https:\/\/lavallee.ch\/fr\/wp-json\/wp\/v2\/product_tag?post=6354"}],"curies":[{"name":"wp","href":"https:\/\/api.w.org\/{rel}","templated":true}]}}