{"id":6353,"date":"2019-01-28T14:41:20","date_gmt":"2019-01-28T14:41:20","guid":{"rendered":"https:\/\/lavallee.ch\/product\/creme-de-soin-mains\/"},"modified":"2020-06-30T08:47:42","modified_gmt":"2020-06-30T08:47:42","slug":"creme-de-soin-mains","status":"publish","type":"product","link":"https:\/\/lavallee.ch\/fr\/produit\/creme-de-soin-mains\/","title":{"rendered":"Cr\u00e8me de Soin Mains"},"content":{"rendered":"","protected":false},"excerpt":{"rendered":"<p>Con\u00e7ue pour le soin quotidien, cette cr\u00e8me apaisante pour les mains contient des \u00e9l\u00e9ments actifs r\u00e9parateurs. Elle hydrate, r\u00e9g\u00e9n\u00e8re et nourrit l\u2019\u00e9piderme tout en l\u2019aidant \u00e0 diminuer les imperfections dues au vieillissement cutan\u00e9 pr\u00e9matur\u00e9. La peau des mains pr\u00e9serve sa jeunesse \u00e0 long terme.<\/p>\n","protected":false},"featured_media":6318,"template":"","meta":[],"indications":[155,136,141,171],"ingredients":[237,238],"product_cat":[236],"product_tag":[],"acf":[],"_links":{"self":[{"href":"https:\/\/lavallee.ch\/fr\/wp-json\/wp\/v2\/product\/6353"}],"collection":[{"href":"https:\/\/lavallee.ch\/fr\/wp-json\/wp\/v2\/product"}],"about":[{"href":"https:\/\/lavallee.ch\/fr\/wp-json\/wp\/v2\/types\/product"}],"wp:featuredmedia":[{"embeddable":true,"href":"https:\/\/lavallee.ch\/fr\/wp-json\/wp\/v2\/media\/6318"}],"wp:attachment":[{"href":"https:\/\/lavallee.ch\/fr\/wp-json\/wp\/v2\/media?parent=6353"}],"wp:term":[{"taxonomy":"indications","embeddable":true,"href":"https:\/\/lavallee.ch\/fr\/wp-json\/wp\/v2\/indications?post=6353"},{"taxonomy":"ingredients","embeddable":true,"href":"https:\/\/lavallee.ch\/fr\/wp-json\/wp\/v2\/ingredients?post=6353"},{"taxonomy":"product_cat","embeddable":true,"href":"https:\/\/lavallee.ch\/fr\/wp-json\/wp\/v2\/product_cat?post=6353"},{"taxonomy":"product_tag","embeddable":true,"href":"https:\/\/lavallee.ch\/fr\/wp-json\/wp\/v2\/product_tag?post=6353"}],"curies":[{"name":"wp","href":"https:\/\/api.w.org\/{rel}","templated":true}]}}