{"id":6352,"date":"2019-01-28T14:30:02","date_gmt":"2019-01-28T14:30:02","guid":{"rendered":"https:\/\/lavallee.ch\/product\/lotion-normalisante-zone-t\/"},"modified":"2020-06-30T08:47:37","modified_gmt":"2020-06-30T08:47:37","slug":"lotion-normalisante-zone-t","status":"publish","type":"product","link":"https:\/\/lavallee.ch\/fr\/produit\/lotion-normalisante-zone-t\/","title":{"rendered":"Lotion Normalisante Zone T"},"content":{"rendered":"","protected":false},"excerpt":{"rendered":"<p>Con\u00e7ue pour les peaux mixtes et grasses, cette lotion aide \u00e0 r\u00e9tablir l\u2019\u00e9quilibre de l\u2019\u00e9piderme sujet \u00e0 une s\u00e9cr\u00e9tion excessive de s\u00e9bum et \u00e0 des imperfections dans la zone T. Ses ingr\u00e9dients astringents purifient et apaisent la peau tout en am\u00e9liorant sa texture pour un teint mat et lumineux.<\/p>\n","protected":false},"featured_media":6316,"template":"","meta":[],"indications":[137,150,135,170],"ingredients":[237],"product_cat":[236],"product_tag":[],"acf":[],"_links":{"self":[{"href":"https:\/\/lavallee.ch\/fr\/wp-json\/wp\/v2\/product\/6352"}],"collection":[{"href":"https:\/\/lavallee.ch\/fr\/wp-json\/wp\/v2\/product"}],"about":[{"href":"https:\/\/lavallee.ch\/fr\/wp-json\/wp\/v2\/types\/product"}],"wp:featuredmedia":[{"embeddable":true,"href":"https:\/\/lavallee.ch\/fr\/wp-json\/wp\/v2\/media\/6316"}],"wp:attachment":[{"href":"https:\/\/lavallee.ch\/fr\/wp-json\/wp\/v2\/media?parent=6352"}],"wp:term":[{"taxonomy":"indications","embeddable":true,"href":"https:\/\/lavallee.ch\/fr\/wp-json\/wp\/v2\/indications?post=6352"},{"taxonomy":"ingredients","embeddable":true,"href":"https:\/\/lavallee.ch\/fr\/wp-json\/wp\/v2\/ingredients?post=6352"},{"taxonomy":"product_cat","embeddable":true,"href":"https:\/\/lavallee.ch\/fr\/wp-json\/wp\/v2\/product_cat?post=6352"},{"taxonomy":"product_tag","embeddable":true,"href":"https:\/\/lavallee.ch\/fr\/wp-json\/wp\/v2\/product_tag?post=6352"}],"curies":[{"name":"wp","href":"https:\/\/api.w.org\/{rel}","templated":true}]}}