{"id":6351,"date":"2019-01-28T14:25:56","date_gmt":"2019-01-28T14:25:56","guid":{"rendered":"https:\/\/lavallee.ch\/product\/elixir-eclaircissant\/"},"modified":"2020-06-30T08:48:06","modified_gmt":"2020-06-30T08:48:06","slug":"elixir-eclaircissant","status":"publish","type":"product","link":"https:\/\/lavallee.ch\/fr\/produit\/elixir-eclaircissant\/","title":{"rendered":"Elixir Eclaircissant"},"content":{"rendered":"","protected":false},"excerpt":{"rendered":"<p>Riche en extraits v\u00e9g\u00e9taux, vitamines et ingr\u00e9dients apaisants, cet \u00e9lixir agit en profondeur pour uniformiser le teint et lui redonner son \u00e9clat.<\/p>\n","protected":false},"featured_media":6297,"template":"","meta":[],"indications":[133,201,154,200],"ingredients":[237,245,238],"product_cat":[234],"product_tag":[],"acf":[],"_links":{"self":[{"href":"https:\/\/lavallee.ch\/fr\/wp-json\/wp\/v2\/product\/6351"}],"collection":[{"href":"https:\/\/lavallee.ch\/fr\/wp-json\/wp\/v2\/product"}],"about":[{"href":"https:\/\/lavallee.ch\/fr\/wp-json\/wp\/v2\/types\/product"}],"wp:featuredmedia":[{"embeddable":true,"href":"https:\/\/lavallee.ch\/fr\/wp-json\/wp\/v2\/media\/6297"}],"wp:attachment":[{"href":"https:\/\/lavallee.ch\/fr\/wp-json\/wp\/v2\/media?parent=6351"}],"wp:term":[{"taxonomy":"indications","embeddable":true,"href":"https:\/\/lavallee.ch\/fr\/wp-json\/wp\/v2\/indications?post=6351"},{"taxonomy":"ingredients","embeddable":true,"href":"https:\/\/lavallee.ch\/fr\/wp-json\/wp\/v2\/ingredients?post=6351"},{"taxonomy":"product_cat","embeddable":true,"href":"https:\/\/lavallee.ch\/fr\/wp-json\/wp\/v2\/product_cat?post=6351"},{"taxonomy":"product_tag","embeddable":true,"href":"https:\/\/lavallee.ch\/fr\/wp-json\/wp\/v2\/product_tag?post=6351"}],"curies":[{"name":"wp","href":"https:\/\/api.w.org\/{rel}","templated":true}]}}