{"id":6349,"date":"2019-01-28T14:22:47","date_gmt":"2019-01-28T14:22:47","guid":{"rendered":"https:\/\/lavallee.ch\/product\/serum-eclaircissant-radiance\/"},"modified":"2020-06-30T08:49:52","modified_gmt":"2020-06-30T08:49:52","slug":"serum-eclaircissant-radiance","status":"publish","type":"product","link":"https:\/\/lavallee.ch\/fr\/produit\/serum-eclaircissant-radiance\/","title":{"rendered":"S\u00e9rum Eclaircissant Radiance"},"content":{"rendered":"","protected":false},"excerpt":{"rendered":"<p>Compos\u00e9 de principes actifs nourrissants, \u00e9claircissants et anti-\u00e2ge, ce s\u00e9rum permet d&#8217;unifier et d&#8217;\u00e9claircir progressivement le teint tout en laissant la peau plus lisse.<\/p>\n","protected":false},"featured_media":6296,"template":"","meta":[],"indications":[133,201,154,200],"ingredients":[237,245,238],"product_cat":[234],"product_tag":[],"acf":[],"_links":{"self":[{"href":"https:\/\/lavallee.ch\/fr\/wp-json\/wp\/v2\/product\/6349"}],"collection":[{"href":"https:\/\/lavallee.ch\/fr\/wp-json\/wp\/v2\/product"}],"about":[{"href":"https:\/\/lavallee.ch\/fr\/wp-json\/wp\/v2\/types\/product"}],"wp:featuredmedia":[{"embeddable":true,"href":"https:\/\/lavallee.ch\/fr\/wp-json\/wp\/v2\/media\/6296"}],"wp:attachment":[{"href":"https:\/\/lavallee.ch\/fr\/wp-json\/wp\/v2\/media?parent=6349"}],"wp:term":[{"taxonomy":"indications","embeddable":true,"href":"https:\/\/lavallee.ch\/fr\/wp-json\/wp\/v2\/indications?post=6349"},{"taxonomy":"ingredients","embeddable":true,"href":"https:\/\/lavallee.ch\/fr\/wp-json\/wp\/v2\/ingredients?post=6349"},{"taxonomy":"product_cat","embeddable":true,"href":"https:\/\/lavallee.ch\/fr\/wp-json\/wp\/v2\/product_cat?post=6349"},{"taxonomy":"product_tag","embeddable":true,"href":"https:\/\/lavallee.ch\/fr\/wp-json\/wp\/v2\/product_tag?post=6349"}],"curies":[{"name":"wp","href":"https:\/\/api.w.org\/{rel}","templated":true}]}}