{"id":6348,"date":"2019-01-28T14:17:54","date_gmt":"2019-01-28T14:17:54","guid":{"rendered":"https:\/\/lavallee.ch\/product\/masque-eclaircissant\/"},"modified":"2020-06-30T08:50:18","modified_gmt":"2020-06-30T08:50:18","slug":"masque-eclaircissant","status":"publish","type":"product","link":"https:\/\/lavallee.ch\/fr\/produit\/masque-eclaircissant\/","title":{"rendered":"Masque Eclaircissant"},"content":{"rendered":"","protected":false},"excerpt":{"rendered":"<p>Compos\u00e9 d\u2019un complexe botanique, ce masque unifie la peau, tout en l\u2019aidant \u00e0 stimuler ses fonctions naturelles et \u00e0 \u00e9liminer les impuret\u00e9s. Son utilisation r\u00e9guli\u00e8re permet de diminuer la formation d\u2019imperfections cutan\u00e9es et l\u2019apparition de ridules. La peau retrouve un \u00e9quilibre optimal pour un teint \u00e9clatant et sain.<\/p>\n","protected":false},"featured_media":6294,"template":"","meta":[],"indications":[151,133,225,139],"ingredients":[237,245,238],"product_cat":[234],"product_tag":[],"acf":[],"_links":{"self":[{"href":"https:\/\/lavallee.ch\/fr\/wp-json\/wp\/v2\/product\/6348"}],"collection":[{"href":"https:\/\/lavallee.ch\/fr\/wp-json\/wp\/v2\/product"}],"about":[{"href":"https:\/\/lavallee.ch\/fr\/wp-json\/wp\/v2\/types\/product"}],"wp:featuredmedia":[{"embeddable":true,"href":"https:\/\/lavallee.ch\/fr\/wp-json\/wp\/v2\/media\/6294"}],"wp:attachment":[{"href":"https:\/\/lavallee.ch\/fr\/wp-json\/wp\/v2\/media?parent=6348"}],"wp:term":[{"taxonomy":"indications","embeddable":true,"href":"https:\/\/lavallee.ch\/fr\/wp-json\/wp\/v2\/indications?post=6348"},{"taxonomy":"ingredients","embeddable":true,"href":"https:\/\/lavallee.ch\/fr\/wp-json\/wp\/v2\/ingredients?post=6348"},{"taxonomy":"product_cat","embeddable":true,"href":"https:\/\/lavallee.ch\/fr\/wp-json\/wp\/v2\/product_cat?post=6348"},{"taxonomy":"product_tag","embeddable":true,"href":"https:\/\/lavallee.ch\/fr\/wp-json\/wp\/v2\/product_tag?post=6348"}],"curies":[{"name":"wp","href":"https:\/\/api.w.org\/{rel}","templated":true}]}}