{"id":6347,"date":"2019-01-28T13:57:48","date_gmt":"2019-01-28T13:57:48","guid":{"rendered":"https:\/\/lavallee.ch\/product\/creme-eclaircissante\/"},"modified":"2020-06-30T08:50:33","modified_gmt":"2020-06-30T08:50:33","slug":"creme-eclaircissante","status":"publish","type":"product","link":"https:\/\/lavallee.ch\/fr\/produit\/creme-eclaircissante\/","title":{"rendered":"Cr\u00e8me Eclaircissante"},"content":{"rendered":"","protected":false},"excerpt":{"rendered":"<p>Con\u00e7ue pour offrir une hydratation et protection (SPF 30) tout au long de la journ\u00e9e, cette cr\u00e8me r\u00e9g\u00e9n\u00e8re et nourrit les cellules. Elle pr\u00e9vient le vieillissement pr\u00e9matur\u00e9 de la peau en diminuant les imperfections et am\u00e9liorant sa texture. Son utilisation r\u00e9guli\u00e8re permet un \u00e9claircissement progressif et un teint \u00e9clatant.<\/p>\n","protected":false},"featured_media":6293,"template":"","meta":[],"indications":[133,166,154,200],"ingredients":[237,245,238],"product_cat":[234],"product_tag":[],"acf":[],"_links":{"self":[{"href":"https:\/\/lavallee.ch\/fr\/wp-json\/wp\/v2\/product\/6347"}],"collection":[{"href":"https:\/\/lavallee.ch\/fr\/wp-json\/wp\/v2\/product"}],"about":[{"href":"https:\/\/lavallee.ch\/fr\/wp-json\/wp\/v2\/types\/product"}],"wp:featuredmedia":[{"embeddable":true,"href":"https:\/\/lavallee.ch\/fr\/wp-json\/wp\/v2\/media\/6293"}],"wp:attachment":[{"href":"https:\/\/lavallee.ch\/fr\/wp-json\/wp\/v2\/media?parent=6347"}],"wp:term":[{"taxonomy":"indications","embeddable":true,"href":"https:\/\/lavallee.ch\/fr\/wp-json\/wp\/v2\/indications?post=6347"},{"taxonomy":"ingredients","embeddable":true,"href":"https:\/\/lavallee.ch\/fr\/wp-json\/wp\/v2\/ingredients?post=6347"},{"taxonomy":"product_cat","embeddable":true,"href":"https:\/\/lavallee.ch\/fr\/wp-json\/wp\/v2\/product_cat?post=6347"},{"taxonomy":"product_tag","embeddable":true,"href":"https:\/\/lavallee.ch\/fr\/wp-json\/wp\/v2\/product_tag?post=6347"}],"curies":[{"name":"wp","href":"https:\/\/api.w.org\/{rel}","templated":true}]}}