{"id":6346,"date":"2019-01-28T13:38:03","date_gmt":"2019-01-28T13:38:03","guid":{"rendered":"https:\/\/lavallee.ch\/product\/elixir-24h-detox\/"},"modified":"2019-01-28T13:38:03","modified_gmt":"2019-01-28T13:38:03","slug":"elixir-24h-detox","status":"publish","type":"product","link":"https:\/\/lavallee.ch\/fr\/produit\/elixir-24h-detox\/","title":{"rendered":"Elixir 24H Detox"},"content":{"rendered":"","protected":false},"excerpt":{"rendered":"<p>A base d\u2019un puissant m\u00e9lange d\u2019antioxydants, cet \u00e9lixir agit contre les dommages caus\u00e9s par les radicaux libres. Il nourrit et apaise la peau tout en ralentissant l\u2019apparition des rides dues \u00e0 la d\u00e9shydratation et la prot\u00e8ge des agents polluants de l\u2019environnement. Le teint retrouve fra\u00eecheur et jeunesse.<\/p>\n","protected":false},"featured_media":6286,"template":"","meta":[],"indications":[203,179,154,146],"ingredients":[237,238],"product_cat":[231],"product_tag":[],"acf":[],"_links":{"self":[{"href":"https:\/\/lavallee.ch\/fr\/wp-json\/wp\/v2\/product\/6346"}],"collection":[{"href":"https:\/\/lavallee.ch\/fr\/wp-json\/wp\/v2\/product"}],"about":[{"href":"https:\/\/lavallee.ch\/fr\/wp-json\/wp\/v2\/types\/product"}],"wp:featuredmedia":[{"embeddable":true,"href":"https:\/\/lavallee.ch\/fr\/wp-json\/wp\/v2\/media\/6286"}],"wp:attachment":[{"href":"https:\/\/lavallee.ch\/fr\/wp-json\/wp\/v2\/media?parent=6346"}],"wp:term":[{"taxonomy":"indications","embeddable":true,"href":"https:\/\/lavallee.ch\/fr\/wp-json\/wp\/v2\/indications?post=6346"},{"taxonomy":"ingredients","embeddable":true,"href":"https:\/\/lavallee.ch\/fr\/wp-json\/wp\/v2\/ingredients?post=6346"},{"taxonomy":"product_cat","embeddable":true,"href":"https:\/\/lavallee.ch\/fr\/wp-json\/wp\/v2\/product_cat?post=6346"},{"taxonomy":"product_tag","embeddable":true,"href":"https:\/\/lavallee.ch\/fr\/wp-json\/wp\/v2\/product_tag?post=6346"}],"curies":[{"name":"wp","href":"https:\/\/api.w.org\/{rel}","templated":true}]}}