{"id":6345,"date":"2019-01-28T13:26:26","date_gmt":"2019-01-28T13:26:26","guid":{"rendered":"https:\/\/lavallee.ch\/product\/serum-radiance-prevention\/"},"modified":"2019-01-28T13:26:26","modified_gmt":"2019-01-28T13:26:26","slug":"serum-radiance-prevention","status":"publish","type":"product","link":"https:\/\/lavallee.ch\/fr\/produit\/serum-radiance-prevention\/","title":{"rendered":"S\u00e9rum Radiance Pr\u00e9vention"},"content":{"rendered":"","protected":false},"excerpt":{"rendered":"<p>A base d\u2019un puissant m\u00e9lange d\u2019antioxydants et d\u2019extrait de r\u00e9glisse, ce s\u00e9rum pr\u00e9ventif anti-\u00e2ge agit contre les dommages caus\u00e9s par les radicaux libres. Il hydrate et apaise la peau tout en la prot\u00e9geant des agents polluant de l\u2019environnement pour un fini parfait et un teint radieux.<\/p>\n","protected":false},"featured_media":6285,"template":"","meta":[],"indications":[203,179,154,146],"ingredients":[237,238],"product_cat":[231],"product_tag":[],"acf":[],"_links":{"self":[{"href":"https:\/\/lavallee.ch\/fr\/wp-json\/wp\/v2\/product\/6345"}],"collection":[{"href":"https:\/\/lavallee.ch\/fr\/wp-json\/wp\/v2\/product"}],"about":[{"href":"https:\/\/lavallee.ch\/fr\/wp-json\/wp\/v2\/types\/product"}],"wp:featuredmedia":[{"embeddable":true,"href":"https:\/\/lavallee.ch\/fr\/wp-json\/wp\/v2\/media\/6285"}],"wp:attachment":[{"href":"https:\/\/lavallee.ch\/fr\/wp-json\/wp\/v2\/media?parent=6345"}],"wp:term":[{"taxonomy":"indications","embeddable":true,"href":"https:\/\/lavallee.ch\/fr\/wp-json\/wp\/v2\/indications?post=6345"},{"taxonomy":"ingredients","embeddable":true,"href":"https:\/\/lavallee.ch\/fr\/wp-json\/wp\/v2\/ingredients?post=6345"},{"taxonomy":"product_cat","embeddable":true,"href":"https:\/\/lavallee.ch\/fr\/wp-json\/wp\/v2\/product_cat?post=6345"},{"taxonomy":"product_tag","embeddable":true,"href":"https:\/\/lavallee.ch\/fr\/wp-json\/wp\/v2\/product_tag?post=6345"}],"curies":[{"name":"wp","href":"https:\/\/api.w.org\/{rel}","templated":true}]}}