{"id":6344,"date":"2019-01-25T16:26:54","date_gmt":"2019-01-25T16:26:54","guid":{"rendered":"https:\/\/lavallee.ch\/product\/correcteur-yeux-parfaits\/"},"modified":"2019-01-25T16:26:54","modified_gmt":"2019-01-25T16:26:54","slug":"correcteur-yeux-parfaits","status":"publish","type":"product","link":"https:\/\/lavallee.ch\/fr\/produit\/correcteur-yeux-parfaits\/","title":{"rendered":"Correcteur Yeux Parfaits"},"content":{"rendered":"","protected":false},"excerpt":{"rendered":"<p>Soin pr\u00e9ventif anti-\u00e2ge, ce correcteur lutte efficacement contre la d\u00e9shydratation et l\u2019affaissement des couches sup\u00e9rieures de l\u2019\u00e9piderme<br \/>\nIl ralentit la formation des ridules tout en redonnant souplesse et \u00e9lasticit\u00e9 \u00e0 la peau du contour de l\u2019\u0153il pour un regard \u00e9clatant. <\/p>\n","protected":false},"featured_media":6284,"template":"","meta":[],"indications":[203,178,154,146],"ingredients":[237],"product_cat":[231],"product_tag":[],"acf":[],"_links":{"self":[{"href":"https:\/\/lavallee.ch\/fr\/wp-json\/wp\/v2\/product\/6344"}],"collection":[{"href":"https:\/\/lavallee.ch\/fr\/wp-json\/wp\/v2\/product"}],"about":[{"href":"https:\/\/lavallee.ch\/fr\/wp-json\/wp\/v2\/types\/product"}],"wp:featuredmedia":[{"embeddable":true,"href":"https:\/\/lavallee.ch\/fr\/wp-json\/wp\/v2\/media\/6284"}],"wp:attachment":[{"href":"https:\/\/lavallee.ch\/fr\/wp-json\/wp\/v2\/media?parent=6344"}],"wp:term":[{"taxonomy":"indications","embeddable":true,"href":"https:\/\/lavallee.ch\/fr\/wp-json\/wp\/v2\/indications?post=6344"},{"taxonomy":"ingredients","embeddable":true,"href":"https:\/\/lavallee.ch\/fr\/wp-json\/wp\/v2\/ingredients?post=6344"},{"taxonomy":"product_cat","embeddable":true,"href":"https:\/\/lavallee.ch\/fr\/wp-json\/wp\/v2\/product_cat?post=6344"},{"taxonomy":"product_tag","embeddable":true,"href":"https:\/\/lavallee.ch\/fr\/wp-json\/wp\/v2\/product_tag?post=6344"}],"curies":[{"name":"wp","href":"https:\/\/api.w.org\/{rel}","templated":true}]}}