{"id":6342,"date":"2019-01-25T16:21:00","date_gmt":"2019-01-25T16:21:00","guid":{"rendered":"https:\/\/lavallee.ch\/product\/masque-nuit-prevention\/"},"modified":"2020-06-30T08:50:57","modified_gmt":"2020-06-30T08:50:57","slug":"masque-nuit-prevention","status":"publish","type":"product","link":"https:\/\/lavallee.ch\/fr\/produit\/masque-nuit-prevention\/","title":{"rendered":"Masque Nuit Pr\u00e9vention"},"content":{"rendered":"","protected":false},"excerpt":{"rendered":"<p>Ce masque contribue \u00e0 nourrir et \u00e0 r\u00e9g\u00e9n\u00e9rer la peau pendant la nuit. En stimulant les fonctions naturelles, il aide au ralentissement du vieillissement pr\u00e9matur\u00e9 de l\u2019\u00e9piderme et am\u00e9liore l\u2019hydratation de ses couches sup\u00e9rieures. Les rides et ridules sont visiblement liss\u00e9es pour un teint \u00e9clatant.<\/p>\n","protected":false},"featured_media":6282,"template":"","meta":[],"indications":[203,204,153,146],"ingredients":[237,238],"product_cat":[231],"product_tag":[],"acf":[],"_links":{"self":[{"href":"https:\/\/lavallee.ch\/fr\/wp-json\/wp\/v2\/product\/6342"}],"collection":[{"href":"https:\/\/lavallee.ch\/fr\/wp-json\/wp\/v2\/product"}],"about":[{"href":"https:\/\/lavallee.ch\/fr\/wp-json\/wp\/v2\/types\/product"}],"wp:featuredmedia":[{"embeddable":true,"href":"https:\/\/lavallee.ch\/fr\/wp-json\/wp\/v2\/media\/6282"}],"wp:attachment":[{"href":"https:\/\/lavallee.ch\/fr\/wp-json\/wp\/v2\/media?parent=6342"}],"wp:term":[{"taxonomy":"indications","embeddable":true,"href":"https:\/\/lavallee.ch\/fr\/wp-json\/wp\/v2\/indications?post=6342"},{"taxonomy":"ingredients","embeddable":true,"href":"https:\/\/lavallee.ch\/fr\/wp-json\/wp\/v2\/ingredients?post=6342"},{"taxonomy":"product_cat","embeddable":true,"href":"https:\/\/lavallee.ch\/fr\/wp-json\/wp\/v2\/product_cat?post=6342"},{"taxonomy":"product_tag","embeddable":true,"href":"https:\/\/lavallee.ch\/fr\/wp-json\/wp\/v2\/product_tag?post=6342"}],"curies":[{"name":"wp","href":"https:\/\/api.w.org\/{rel}","templated":true}]}}