{"id":6340,"date":"2019-01-16T15:31:02","date_gmt":"2019-01-16T15:31:02","guid":{"rendered":"https:\/\/lavallee.ch\/product\/caviar-essence-serum-fr\/"},"modified":"2020-06-30T08:53:06","modified_gmt":"2020-06-30T08:53:06","slug":"caviar-essence-serum-fr","status":"publish","type":"product","link":"https:\/\/lavallee.ch\/fr\/produit\/caviar-essence-serum-fr\/","title":{"rendered":"Caviar Essence S\u00e9rum"},"content":{"rendered":"","protected":false},"excerpt":{"rendered":"<p>Formul\u00e9 \u00e0 base d\u2019extraits de caviar, ce s\u00e9rum anti-\u00e2ge assure une action hydratante optimale et renforce la barri\u00e8re hydrolipidique. Il combat les signes de fatigue et laisse la peau plus ferme et souple pour un effet coup d&#8217;\u00e9clat.<\/p>\n","protected":false},"featured_media":6291,"template":"","meta":[],"indications":[147,133,154,184],"ingredients":[243],"product_cat":[232],"product_tag":[],"acf":[],"_links":{"self":[{"href":"https:\/\/lavallee.ch\/fr\/wp-json\/wp\/v2\/product\/6340"}],"collection":[{"href":"https:\/\/lavallee.ch\/fr\/wp-json\/wp\/v2\/product"}],"about":[{"href":"https:\/\/lavallee.ch\/fr\/wp-json\/wp\/v2\/types\/product"}],"wp:featuredmedia":[{"embeddable":true,"href":"https:\/\/lavallee.ch\/fr\/wp-json\/wp\/v2\/media\/6291"}],"wp:attachment":[{"href":"https:\/\/lavallee.ch\/fr\/wp-json\/wp\/v2\/media?parent=6340"}],"wp:term":[{"taxonomy":"indications","embeddable":true,"href":"https:\/\/lavallee.ch\/fr\/wp-json\/wp\/v2\/indications?post=6340"},{"taxonomy":"ingredients","embeddable":true,"href":"https:\/\/lavallee.ch\/fr\/wp-json\/wp\/v2\/ingredients?post=6340"},{"taxonomy":"product_cat","embeddable":true,"href":"https:\/\/lavallee.ch\/fr\/wp-json\/wp\/v2\/product_cat?post=6340"},{"taxonomy":"product_tag","embeddable":true,"href":"https:\/\/lavallee.ch\/fr\/wp-json\/wp\/v2\/product_tag?post=6340"}],"curies":[{"name":"wp","href":"https:\/\/api.w.org\/{rel}","templated":true}]}}