{"id":6339,"date":"2019-01-16T16:52:08","date_gmt":"2019-01-16T16:52:08","guid":{"rendered":"https:\/\/lavallee.ch\/product\/caviar-essence-masque\/"},"modified":"2019-01-16T16:52:08","modified_gmt":"2019-01-16T16:52:08","slug":"caviar-essence-masque","status":"publish","type":"product","link":"https:\/\/lavallee.ch\/fr\/produit\/caviar-essence-masque\/","title":{"rendered":"Caviar Essence Masque"},"content":{"rendered":"","protected":false},"excerpt":{"rendered":"<p>Formul\u00e9 \u00e0 base d\u2019extraits de caviar, ce masque restaure l\u2019hydratation des couches sup\u00e9rieures de l\u2019\u00e9piderme en laissant un film protecteur, qui aide \u00e0 lutter contre les rides de dess\u00e8chement d\u00fbes aux agressions climatiques. Il agit sur la fermet\u00e9 des tissus et laisse la peau souple et velout\u00e9e pour un teint \u00e9clatant et translucide.<\/p>\n","protected":false},"featured_media":6289,"template":"","meta":[],"indications":[151,147,133,182],"ingredients":[243],"product_cat":[232],"product_tag":[],"acf":[],"_links":{"self":[{"href":"https:\/\/lavallee.ch\/fr\/wp-json\/wp\/v2\/product\/6339"}],"collection":[{"href":"https:\/\/lavallee.ch\/fr\/wp-json\/wp\/v2\/product"}],"about":[{"href":"https:\/\/lavallee.ch\/fr\/wp-json\/wp\/v2\/types\/product"}],"wp:featuredmedia":[{"embeddable":true,"href":"https:\/\/lavallee.ch\/fr\/wp-json\/wp\/v2\/media\/6289"}],"wp:attachment":[{"href":"https:\/\/lavallee.ch\/fr\/wp-json\/wp\/v2\/media?parent=6339"}],"wp:term":[{"taxonomy":"indications","embeddable":true,"href":"https:\/\/lavallee.ch\/fr\/wp-json\/wp\/v2\/indications?post=6339"},{"taxonomy":"ingredients","embeddable":true,"href":"https:\/\/lavallee.ch\/fr\/wp-json\/wp\/v2\/ingredients?post=6339"},{"taxonomy":"product_cat","embeddable":true,"href":"https:\/\/lavallee.ch\/fr\/wp-json\/wp\/v2\/product_cat?post=6339"},{"taxonomy":"product_tag","embeddable":true,"href":"https:\/\/lavallee.ch\/fr\/wp-json\/wp\/v2\/product_tag?post=6339"}],"curies":[{"name":"wp","href":"https:\/\/api.w.org\/{rel}","templated":true}]}}