{"id":6338,"date":"2019-01-16T16:51:50","date_gmt":"2019-01-16T16:51:50","guid":{"rendered":"https:\/\/lavallee.ch\/product\/caviar-essence-creme-de-nuit\/"},"modified":"2020-06-30T08:52:44","modified_gmt":"2020-06-30T08:52:44","slug":"caviar-essence-creme-de-nuit","status":"publish","type":"product","link":"https:\/\/lavallee.ch\/fr\/produit\/caviar-essence-creme-de-nuit\/","title":{"rendered":"Caviar Essence Cr\u00e8me de Nuit"},"content":{"rendered":"","protected":false},"excerpt":{"rendered":"<p>Enrichie en extraits de caviar, cette cr\u00e8me de nuit anti-\u00e2ge b\u00e9n\u00e9ficie des propri\u00e9t\u00e9s anti-\u00e2ge exceptionnelles d\u2019un ingr\u00e9dient riche en prot\u00e9ines, acides amin\u00e9s, min\u00e9raux et vitamine A. Son action nourrissante pendant la nuit laisse l\u2019\u00e9piderme doux et lisse au matin. Plus ferme, la peau appara\u00eet plus saine jour apr\u00e8s jour.<\/p>\n","protected":false},"featured_media":6288,"template":"","meta":[],"indications":[147,133,153,181],"ingredients":[243],"product_cat":[232],"product_tag":[],"acf":[],"_links":{"self":[{"href":"https:\/\/lavallee.ch\/fr\/wp-json\/wp\/v2\/product\/6338"}],"collection":[{"href":"https:\/\/lavallee.ch\/fr\/wp-json\/wp\/v2\/product"}],"about":[{"href":"https:\/\/lavallee.ch\/fr\/wp-json\/wp\/v2\/types\/product"}],"wp:featuredmedia":[{"embeddable":true,"href":"https:\/\/lavallee.ch\/fr\/wp-json\/wp\/v2\/media\/6288"}],"wp:attachment":[{"href":"https:\/\/lavallee.ch\/fr\/wp-json\/wp\/v2\/media?parent=6338"}],"wp:term":[{"taxonomy":"indications","embeddable":true,"href":"https:\/\/lavallee.ch\/fr\/wp-json\/wp\/v2\/indications?post=6338"},{"taxonomy":"ingredients","embeddable":true,"href":"https:\/\/lavallee.ch\/fr\/wp-json\/wp\/v2\/ingredients?post=6338"},{"taxonomy":"product_cat","embeddable":true,"href":"https:\/\/lavallee.ch\/fr\/wp-json\/wp\/v2\/product_cat?post=6338"},{"taxonomy":"product_tag","embeddable":true,"href":"https:\/\/lavallee.ch\/fr\/wp-json\/wp\/v2\/product_tag?post=6338"}],"curies":[{"name":"wp","href":"https:\/\/api.w.org\/{rel}","templated":true}]}}