{"id":6337,"date":"2019-01-16T15:29:51","date_gmt":"2019-01-16T15:29:51","guid":{"rendered":"https:\/\/lavallee.ch\/product\/caviar-essence-creme-de-jour\/"},"modified":"2020-06-30T08:53:24","modified_gmt":"2020-06-30T08:53:24","slug":"caviar-essence-creme-de-jour","status":"publish","type":"product","link":"https:\/\/lavallee.ch\/fr\/produit\/caviar-essence-creme-de-jour\/","title":{"rendered":"Caviar Essence Cr\u00e8me de Jour"},"content":{"rendered":"","protected":false},"excerpt":{"rendered":"<p>A base d\u2019extraits de caviar, cette cr\u00e8me de jour b\u00e9n\u00e9ficie des propri\u00e9t\u00e9s anti-\u00e2ge exceptionnelles d\u2019un ingr\u00e9dient riche en prot\u00e9ines, acides amin\u00e9s, min\u00e9raux et vitamine A. Cet actif aide \u00e0 ralentir l\u2019apparition des ridules. Le caviar est ici associ\u00e9 \u00e0 l\u2019acide hyaluronique et \u00e0 la centella asiatica pour renforcer la barri\u00e8re hydrolipidique de l&#8217;\u00e9piderme et aider \u00e0 stimuler la production de collag\u00e8ne. La formule contient aussi des filtres solaires qui pr\u00e9viennent du vieillissement pr\u00e9matur\u00e9 cutan\u00e9 du au soleil. Le grain affin\u00e9, repulp\u00e9e, la peau retrouve fermet\u00e9 et jeunesse.<\/p>\n","protected":false},"featured_media":6287,"template":"","meta":[],"indications":[147,133,152,205],"ingredients":[243],"product_cat":[232],"product_tag":[],"acf":[],"_links":{"self":[{"href":"https:\/\/lavallee.ch\/fr\/wp-json\/wp\/v2\/product\/6337"}],"collection":[{"href":"https:\/\/lavallee.ch\/fr\/wp-json\/wp\/v2\/product"}],"about":[{"href":"https:\/\/lavallee.ch\/fr\/wp-json\/wp\/v2\/types\/product"}],"wp:featuredmedia":[{"embeddable":true,"href":"https:\/\/lavallee.ch\/fr\/wp-json\/wp\/v2\/media\/6287"}],"wp:attachment":[{"href":"https:\/\/lavallee.ch\/fr\/wp-json\/wp\/v2\/media?parent=6337"}],"wp:term":[{"taxonomy":"indications","embeddable":true,"href":"https:\/\/lavallee.ch\/fr\/wp-json\/wp\/v2\/indications?post=6337"},{"taxonomy":"ingredients","embeddable":true,"href":"https:\/\/lavallee.ch\/fr\/wp-json\/wp\/v2\/ingredients?post=6337"},{"taxonomy":"product_cat","embeddable":true,"href":"https:\/\/lavallee.ch\/fr\/wp-json\/wp\/v2\/product_cat?post=6337"},{"taxonomy":"product_tag","embeddable":true,"href":"https:\/\/lavallee.ch\/fr\/wp-json\/wp\/v2\/product_tag?post=6337"}],"curies":[{"name":"wp","href":"https:\/\/api.w.org\/{rel}","templated":true}]}}