{"id":6336,"date":"2019-01-25T16:12:13","date_gmt":"2019-01-25T16:12:13","guid":{"rendered":"https:\/\/lavallee.ch\/product\/serum-tenseur-ultra-hydratant\/"},"modified":"2020-06-30T08:51:24","modified_gmt":"2020-06-30T08:51:24","slug":"serum-tenseur-ultra-hydratant","status":"publish","type":"product","link":"https:\/\/lavallee.ch\/fr\/produit\/serum-tenseur-ultra-hydratant\/","title":{"rendered":"S\u00e9rum Tenseur Ultra Hydratant"},"content":{"rendered":"","protected":false},"excerpt":{"rendered":"<p>Avec ses principes actifs aux propri\u00e9t\u00e9s r\u00e9g\u00e9n\u00e9ratrices et hydratantes, ce s\u00e9rum nourrit en profondeur les couches sup\u00e9rieures de l\u2019\u00e9piderme. Il lisse et am\u00e9liore la texture de la peau en r\u00e9duisant visiblement les ridules et les imperfections pour un teint \u00e9clatant et lumineux.<\/p>\n","protected":false},"featured_media":6298,"template":"","meta":[],"indications":[133,138,154,165],"ingredients":[237,238],"product_cat":[235],"product_tag":[],"acf":[],"_links":{"self":[{"href":"https:\/\/lavallee.ch\/fr\/wp-json\/wp\/v2\/product\/6336"}],"collection":[{"href":"https:\/\/lavallee.ch\/fr\/wp-json\/wp\/v2\/product"}],"about":[{"href":"https:\/\/lavallee.ch\/fr\/wp-json\/wp\/v2\/types\/product"}],"wp:featuredmedia":[{"embeddable":true,"href":"https:\/\/lavallee.ch\/fr\/wp-json\/wp\/v2\/media\/6298"}],"wp:attachment":[{"href":"https:\/\/lavallee.ch\/fr\/wp-json\/wp\/v2\/media?parent=6336"}],"wp:term":[{"taxonomy":"indications","embeddable":true,"href":"https:\/\/lavallee.ch\/fr\/wp-json\/wp\/v2\/indications?post=6336"},{"taxonomy":"ingredients","embeddable":true,"href":"https:\/\/lavallee.ch\/fr\/wp-json\/wp\/v2\/ingredients?post=6336"},{"taxonomy":"product_cat","embeddable":true,"href":"https:\/\/lavallee.ch\/fr\/wp-json\/wp\/v2\/product_cat?post=6336"},{"taxonomy":"product_tag","embeddable":true,"href":"https:\/\/lavallee.ch\/fr\/wp-json\/wp\/v2\/product_tag?post=6336"}],"curies":[{"name":"wp","href":"https:\/\/api.w.org\/{rel}","templated":true}]}}