{"id":6335,"date":"2019-01-25T16:07:37","date_gmt":"2019-01-25T16:07:37","guid":{"rendered":"https:\/\/lavallee.ch\/product\/masque-tenseur-ultra-hydratant\/"},"modified":"2020-06-30T08:51:42","modified_gmt":"2020-06-30T08:51:42","slug":"masque-tenseur-ultra-hydratant","status":"publish","type":"product","link":"https:\/\/lavallee.ch\/fr\/produit\/masque-tenseur-ultra-hydratant\/","title":{"rendered":"Masque Tenseur Ultra Hydratant"},"content":{"rendered":"","protected":false},"excerpt":{"rendered":"<p>Ce masque hydrate en profondeur en redonnant souplesse et \u00e9lasticit\u00e9 \u00e0 la peau. Les rides et ridules sont visiblement liss\u00e9es pour un teint \u00e9clatant et sain.<\/p>\n","protected":false},"featured_media":6310,"template":"","meta":[],"indications":[151,133,138,164],"ingredients":[237,238],"product_cat":[235],"product_tag":[],"acf":[],"_links":{"self":[{"href":"https:\/\/lavallee.ch\/fr\/wp-json\/wp\/v2\/product\/6335"}],"collection":[{"href":"https:\/\/lavallee.ch\/fr\/wp-json\/wp\/v2\/product"}],"about":[{"href":"https:\/\/lavallee.ch\/fr\/wp-json\/wp\/v2\/types\/product"}],"wp:featuredmedia":[{"embeddable":true,"href":"https:\/\/lavallee.ch\/fr\/wp-json\/wp\/v2\/media\/6310"}],"wp:attachment":[{"href":"https:\/\/lavallee.ch\/fr\/wp-json\/wp\/v2\/media?parent=6335"}],"wp:term":[{"taxonomy":"indications","embeddable":true,"href":"https:\/\/lavallee.ch\/fr\/wp-json\/wp\/v2\/indications?post=6335"},{"taxonomy":"ingredients","embeddable":true,"href":"https:\/\/lavallee.ch\/fr\/wp-json\/wp\/v2\/ingredients?post=6335"},{"taxonomy":"product_cat","embeddable":true,"href":"https:\/\/lavallee.ch\/fr\/wp-json\/wp\/v2\/product_cat?post=6335"},{"taxonomy":"product_tag","embeddable":true,"href":"https:\/\/lavallee.ch\/fr\/wp-json\/wp\/v2\/product_tag?post=6335"}],"curies":[{"name":"wp","href":"https:\/\/api.w.org\/{rel}","templated":true}]}}