{"id":6333,"date":"2019-01-25T15:57:56","date_gmt":"2019-01-25T15:57:56","guid":{"rendered":"https:\/\/lavallee.ch\/product\/creme-ultra-hydratante-jour\/"},"modified":"2020-06-30T08:52:24","modified_gmt":"2020-06-30T08:52:24","slug":"creme-ultra-hydratante-jour","status":"publish","type":"product","link":"https:\/\/lavallee.ch\/fr\/produit\/creme-ultra-hydratante-jour\/","title":{"rendered":"Cr\u00e8me Ultra Hydratante Jour"},"content":{"rendered":"","protected":false},"excerpt":{"rendered":"<p>Riche en substances hydratantes et restructurantes, cette cr\u00e8me de jour restaure l\u2019hydratation des couches sup\u00e9rieures de l\u2019\u00e9piderme et l\u2019aide \u00e0 lutter contre les agents polluants. Particuli\u00e8rement adapt\u00e9e aux peaux s\u00e8ches et excellente base de maquillage, elle laisse le teint \u00e9clatant et translucide.<\/p>\n","protected":false},"featured_media":6308,"template":"","meta":[],"indications":[133,138,198,152],"ingredients":[237,238],"product_cat":[235],"product_tag":[],"acf":[],"_links":{"self":[{"href":"https:\/\/lavallee.ch\/fr\/wp-json\/wp\/v2\/product\/6333"}],"collection":[{"href":"https:\/\/lavallee.ch\/fr\/wp-json\/wp\/v2\/product"}],"about":[{"href":"https:\/\/lavallee.ch\/fr\/wp-json\/wp\/v2\/types\/product"}],"wp:featuredmedia":[{"embeddable":true,"href":"https:\/\/lavallee.ch\/fr\/wp-json\/wp\/v2\/media\/6308"}],"wp:attachment":[{"href":"https:\/\/lavallee.ch\/fr\/wp-json\/wp\/v2\/media?parent=6333"}],"wp:term":[{"taxonomy":"indications","embeddable":true,"href":"https:\/\/lavallee.ch\/fr\/wp-json\/wp\/v2\/indications?post=6333"},{"taxonomy":"ingredients","embeddable":true,"href":"https:\/\/lavallee.ch\/fr\/wp-json\/wp\/v2\/ingredients?post=6333"},{"taxonomy":"product_cat","embeddable":true,"href":"https:\/\/lavallee.ch\/fr\/wp-json\/wp\/v2\/product_cat?post=6333"},{"taxonomy":"product_tag","embeddable":true,"href":"https:\/\/lavallee.ch\/fr\/wp-json\/wp\/v2\/product_tag?post=6333"}],"curies":[{"name":"wp","href":"https:\/\/api.w.org\/{rel}","templated":true}]}}