{"id":6332,"date":"2019-01-25T15:36:16","date_gmt":"2019-01-25T15:36:16","guid":{"rendered":"https:\/\/lavallee.ch\/product\/masque-clarifiant\/"},"modified":"2019-01-25T15:36:16","modified_gmt":"2019-01-25T15:36:16","slug":"masque-clarifiant","status":"publish","type":"product","link":"https:\/\/lavallee.ch\/fr\/produit\/masque-clarifiant\/","title":{"rendered":"Masque Clarifiant"},"content":{"rendered":"","protected":false},"excerpt":{"rendered":"<p>Gr\u00e2ce \u00e0 sa composition riche en principes actifs r\u00e9gulateurs de s\u00e9bum, hydratants et anti-\u00e2ge, ce masque purifie et hydrate en profondeur. Il laisse la peau mate et lisse tout en lui redonnant sa souplesse et son \u00e9clat naturels.<\/p>\n","protected":false},"featured_media":6307,"template":"","meta":[],"indications":[151,137,161,134],"ingredients":[237,238],"product_cat":[233],"product_tag":[],"acf":[],"_links":{"self":[{"href":"https:\/\/lavallee.ch\/fr\/wp-json\/wp\/v2\/product\/6332"}],"collection":[{"href":"https:\/\/lavallee.ch\/fr\/wp-json\/wp\/v2\/product"}],"about":[{"href":"https:\/\/lavallee.ch\/fr\/wp-json\/wp\/v2\/types\/product"}],"wp:featuredmedia":[{"embeddable":true,"href":"https:\/\/lavallee.ch\/fr\/wp-json\/wp\/v2\/media\/6307"}],"wp:attachment":[{"href":"https:\/\/lavallee.ch\/fr\/wp-json\/wp\/v2\/media?parent=6332"}],"wp:term":[{"taxonomy":"indications","embeddable":true,"href":"https:\/\/lavallee.ch\/fr\/wp-json\/wp\/v2\/indications?post=6332"},{"taxonomy":"ingredients","embeddable":true,"href":"https:\/\/lavallee.ch\/fr\/wp-json\/wp\/v2\/ingredients?post=6332"},{"taxonomy":"product_cat","embeddable":true,"href":"https:\/\/lavallee.ch\/fr\/wp-json\/wp\/v2\/product_cat?post=6332"},{"taxonomy":"product_tag","embeddable":true,"href":"https:\/\/lavallee.ch\/fr\/wp-json\/wp\/v2\/product_tag?post=6332"}],"curies":[{"name":"wp","href":"https:\/\/api.w.org\/{rel}","templated":true}]}}