{"id":6331,"date":"2019-01-25T15:29:34","date_gmt":"2019-01-25T15:29:34","guid":{"rendered":"https:\/\/lavallee.ch\/product\/exfoliant-delicat\/"},"modified":"2019-01-25T15:29:34","modified_gmt":"2019-01-25T15:29:34","slug":"exfoliant-delicat","status":"publish","type":"product","link":"https:\/\/lavallee.ch\/fr\/produit\/exfoliant-delicat\/","title":{"rendered":"Exfoliant D\u00e9licat"},"content":{"rendered":"","protected":false},"excerpt":{"rendered":"<p>Ultra doux, ce gel exfoliant \u00e9limine les cellules mortes, lib\u00e8re les pores des impuret\u00e9s tout en stimulant la microcirculation p\u00e9riph\u00e9rique. Son utilisation r\u00e9guli\u00e8re laisse la peau lisse, \u00e9clatante avec un grain visiblement affin\u00e9.  <\/p>\n","protected":false},"featured_media":6317,"template":"","meta":[],"indications":[151,133,223],"ingredients":[240,238],"product_cat":[233],"product_tag":[],"acf":[],"_links":{"self":[{"href":"https:\/\/lavallee.ch\/fr\/wp-json\/wp\/v2\/product\/6331"}],"collection":[{"href":"https:\/\/lavallee.ch\/fr\/wp-json\/wp\/v2\/product"}],"about":[{"href":"https:\/\/lavallee.ch\/fr\/wp-json\/wp\/v2\/types\/product"}],"wp:featuredmedia":[{"embeddable":true,"href":"https:\/\/lavallee.ch\/fr\/wp-json\/wp\/v2\/media\/6317"}],"wp:attachment":[{"href":"https:\/\/lavallee.ch\/fr\/wp-json\/wp\/v2\/media?parent=6331"}],"wp:term":[{"taxonomy":"indications","embeddable":true,"href":"https:\/\/lavallee.ch\/fr\/wp-json\/wp\/v2\/indications?post=6331"},{"taxonomy":"ingredients","embeddable":true,"href":"https:\/\/lavallee.ch\/fr\/wp-json\/wp\/v2\/ingredients?post=6331"},{"taxonomy":"product_cat","embeddable":true,"href":"https:\/\/lavallee.ch\/fr\/wp-json\/wp\/v2\/product_cat?post=6331"},{"taxonomy":"product_tag","embeddable":true,"href":"https:\/\/lavallee.ch\/fr\/wp-json\/wp\/v2\/product_tag?post=6331"}],"curies":[{"name":"wp","href":"https:\/\/api.w.org\/{rel}","templated":true}]}}