{"id":6330,"date":"2019-01-25T15:22:26","date_gmt":"2019-01-25T15:22:26","guid":{"rendered":"https:\/\/lavallee.ch\/product\/lotion-tonifiante-delicate\/"},"modified":"2019-01-25T15:22:26","modified_gmt":"2019-01-25T15:22:26","slug":"lotion-tonifiante-delicate","status":"publish","type":"product","link":"https:\/\/lavallee.ch\/fr\/produit\/lotion-tonifiante-delicate\/","title":{"rendered":"Lotion Tonifiante D\u00e9licate"},"content":{"rendered":"","protected":false},"excerpt":{"rendered":"<p>Gr\u00e2ce \u00e0 ses ingr\u00e9dients naturels et substances revitalisantes, cette lotion d\u00e9licate stimule les fonctions naturelles de la peau tout en procurant une sensation \u00e9nergisante. Le grain de peau est visiblement affin\u00e9 pour un teint \u00e9clatant tout au long de la journ\u00e9e. <\/p>\n","protected":false},"featured_media":6315,"template":"","meta":[],"indications":[133,159,150],"ingredients":[238],"product_cat":[233],"product_tag":[],"acf":[],"_links":{"self":[{"href":"https:\/\/lavallee.ch\/fr\/wp-json\/wp\/v2\/product\/6330"}],"collection":[{"href":"https:\/\/lavallee.ch\/fr\/wp-json\/wp\/v2\/product"}],"about":[{"href":"https:\/\/lavallee.ch\/fr\/wp-json\/wp\/v2\/types\/product"}],"wp:featuredmedia":[{"embeddable":true,"href":"https:\/\/lavallee.ch\/fr\/wp-json\/wp\/v2\/media\/6315"}],"wp:attachment":[{"href":"https:\/\/lavallee.ch\/fr\/wp-json\/wp\/v2\/media?parent=6330"}],"wp:term":[{"taxonomy":"indications","embeddable":true,"href":"https:\/\/lavallee.ch\/fr\/wp-json\/wp\/v2\/indications?post=6330"},{"taxonomy":"ingredients","embeddable":true,"href":"https:\/\/lavallee.ch\/fr\/wp-json\/wp\/v2\/ingredients?post=6330"},{"taxonomy":"product_cat","embeddable":true,"href":"https:\/\/lavallee.ch\/fr\/wp-json\/wp\/v2\/product_cat?post=6330"},{"taxonomy":"product_tag","embeddable":true,"href":"https:\/\/lavallee.ch\/fr\/wp-json\/wp\/v2\/product_tag?post=6330"}],"curies":[{"name":"wp","href":"https:\/\/api.w.org\/{rel}","templated":true}]}}