{"id":6329,"date":"2019-01-25T14:31:01","date_gmt":"2019-01-25T14:31:01","guid":{"rendered":"https:\/\/lavallee.ch\/product\/gel-mousse-demaquillant-delicat\/"},"modified":"2019-01-25T14:31:01","modified_gmt":"2019-01-25T14:31:01","slug":"gel-mousse-demaquillant-delicat","status":"publish","type":"product","link":"https:\/\/lavallee.ch\/fr\/produit\/gel-mousse-demaquillant-delicat\/","title":{"rendered":"Gel-Mousse D\u00e9maquillant D\u00e9licat"},"content":{"rendered":"","protected":false},"excerpt":{"rendered":"<p>Gr\u00e2ce \u00e0 ses ingr\u00e9dients naturels uniques, ce gel-mousse nettoyant \u00e9limine maquillage et impuret\u00e9s avec d\u00e9licatesse. La peau purifi\u00e9e et nettoy\u00e9e en profondeur conserve son \u00e9clat naturel sans tirailler. <\/p>\n","protected":false},"featured_media":6314,"template":"","meta":[],"indications":[133,158,150],"ingredients":[237,238],"product_cat":[233],"product_tag":[],"acf":[],"_links":{"self":[{"href":"https:\/\/lavallee.ch\/fr\/wp-json\/wp\/v2\/product\/6329"}],"collection":[{"href":"https:\/\/lavallee.ch\/fr\/wp-json\/wp\/v2\/product"}],"about":[{"href":"https:\/\/lavallee.ch\/fr\/wp-json\/wp\/v2\/types\/product"}],"wp:featuredmedia":[{"embeddable":true,"href":"https:\/\/lavallee.ch\/fr\/wp-json\/wp\/v2\/media\/6314"}],"wp:attachment":[{"href":"https:\/\/lavallee.ch\/fr\/wp-json\/wp\/v2\/media?parent=6329"}],"wp:term":[{"taxonomy":"indications","embeddable":true,"href":"https:\/\/lavallee.ch\/fr\/wp-json\/wp\/v2\/indications?post=6329"},{"taxonomy":"ingredients","embeddable":true,"href":"https:\/\/lavallee.ch\/fr\/wp-json\/wp\/v2\/ingredients?post=6329"},{"taxonomy":"product_cat","embeddable":true,"href":"https:\/\/lavallee.ch\/fr\/wp-json\/wp\/v2\/product_cat?post=6329"},{"taxonomy":"product_tag","embeddable":true,"href":"https:\/\/lavallee.ch\/fr\/wp-json\/wp\/v2\/product_tag?post=6329"}],"curies":[{"name":"wp","href":"https:\/\/api.w.org\/{rel}","templated":true}]}}