{"id":6328,"date":"2019-01-25T14:26:12","date_gmt":"2019-01-25T14:26:12","guid":{"rendered":"https:\/\/lavallee.ch\/product\/lait-demaquillant-delicat\/"},"modified":"2019-01-25T14:26:12","modified_gmt":"2019-01-25T14:26:12","slug":"lait-demaquillant-delicat","status":"publish","type":"product","link":"https:\/\/lavallee.ch\/fr\/produit\/lait-demaquillant-delicat\/","title":{"rendered":"Lait D\u00e9maquillant D\u00e9licat"},"content":{"rendered":"","protected":false},"excerpt":{"rendered":"<p>Gr\u00e2ce \u00e0 ses ingr\u00e9dients hydratants, purifiants et apaisants, ce lait nettoyant \u00e9limine les impuret\u00e9s en douceur. Il laisse une extraordinaire sensation de fra\u00eecheur et procure un sentiment de bien-\u00eatre.<\/p>\n","protected":false},"featured_media":6313,"template":"","meta":[],"indications":[133,157,150],"ingredients":[237,238],"product_cat":[233],"product_tag":[],"acf":[],"_links":{"self":[{"href":"https:\/\/lavallee.ch\/fr\/wp-json\/wp\/v2\/product\/6328"}],"collection":[{"href":"https:\/\/lavallee.ch\/fr\/wp-json\/wp\/v2\/product"}],"about":[{"href":"https:\/\/lavallee.ch\/fr\/wp-json\/wp\/v2\/types\/product"}],"wp:featuredmedia":[{"embeddable":true,"href":"https:\/\/lavallee.ch\/fr\/wp-json\/wp\/v2\/media\/6313"}],"wp:attachment":[{"href":"https:\/\/lavallee.ch\/fr\/wp-json\/wp\/v2\/media?parent=6328"}],"wp:term":[{"taxonomy":"indications","embeddable":true,"href":"https:\/\/lavallee.ch\/fr\/wp-json\/wp\/v2\/indications?post=6328"},{"taxonomy":"ingredients","embeddable":true,"href":"https:\/\/lavallee.ch\/fr\/wp-json\/wp\/v2\/ingredients?post=6328"},{"taxonomy":"product_cat","embeddable":true,"href":"https:\/\/lavallee.ch\/fr\/wp-json\/wp\/v2\/product_cat?post=6328"},{"taxonomy":"product_tag","embeddable":true,"href":"https:\/\/lavallee.ch\/fr\/wp-json\/wp\/v2\/product_tag?post=6328"}],"curies":[{"name":"wp","href":"https:\/\/api.w.org\/{rel}","templated":true}]}}