{"id":6327,"date":"2019-01-28T15:31:22","date_gmt":"2019-01-28T15:31:22","guid":{"rendered":"https:\/\/lavallee.ch\/product\/supreme-elixir\/"},"modified":"2020-06-30T08:12:31","modified_gmt":"2020-06-30T08:12:31","slug":"elixir-precieux-concentre-jeunesse","status":"publish","type":"product","link":"https:\/\/lavallee.ch\/fr\/produit\/elixir-precieux-concentre-jeunesse\/","title":{"rendered":"Elixir Pr\u00e9cieux Concentr\u00e9 Jeunesse"},"content":{"rendered":"","protected":false},"excerpt":{"rendered":"<p>Gr\u00e2ce \u00e0 son extrait de graines de lin des Alpes suisses, cet \u00e9lixir poss\u00e8de de puissantes propri\u00e9t\u00e9s antioxydantes et apaisantes. Il agit directement sur les rides et ridules. La peau appara\u00eet lift\u00e9e pour un teint \u00e9clatant et lumineux.<\/p>\n","protected":false},"featured_media":6306,"template":"","meta":[],"indications":[149,133,154,189],"ingredients":[228],"product_cat":[230],"product_tag":[],"acf":[],"_links":{"self":[{"href":"https:\/\/lavallee.ch\/fr\/wp-json\/wp\/v2\/product\/6327"}],"collection":[{"href":"https:\/\/lavallee.ch\/fr\/wp-json\/wp\/v2\/product"}],"about":[{"href":"https:\/\/lavallee.ch\/fr\/wp-json\/wp\/v2\/types\/product"}],"wp:featuredmedia":[{"embeddable":true,"href":"https:\/\/lavallee.ch\/fr\/wp-json\/wp\/v2\/media\/6306"}],"wp:attachment":[{"href":"https:\/\/lavallee.ch\/fr\/wp-json\/wp\/v2\/media?parent=6327"}],"wp:term":[{"taxonomy":"indications","embeddable":true,"href":"https:\/\/lavallee.ch\/fr\/wp-json\/wp\/v2\/indications?post=6327"},{"taxonomy":"ingredients","embeddable":true,"href":"https:\/\/lavallee.ch\/fr\/wp-json\/wp\/v2\/ingredients?post=6327"},{"taxonomy":"product_cat","embeddable":true,"href":"https:\/\/lavallee.ch\/fr\/wp-json\/wp\/v2\/product_cat?post=6327"},{"taxonomy":"product_tag","embeddable":true,"href":"https:\/\/lavallee.ch\/fr\/wp-json\/wp\/v2\/product_tag?post=6327"}],"curies":[{"name":"wp","href":"https:\/\/api.w.org\/{rel}","templated":true}]}}