{"id":6379,"date":"2020-06-22T12:06:04","date_gmt":"2020-06-22T12:06:04","guid":{"rendered":"https:\/\/lavallee.ch\/retour\/"},"modified":"2020-06-22T12:06:05","modified_gmt":"2020-06-22T12:06:05","slug":"retour","status":"publish","type":"page","link":"https:\/\/lavallee.ch\/fr\/retour\/","title":{"rendered":"Retour"},"content":{"rendered":"\n<p>Les livraisons erron\u00e9es, les diff\u00e9rences de quantit\u00e9 et les d\u00e9fauts apparents doivent imm\u00e9diatement, au plus tard pendant les 5 jours ouvrables suivant la r\u00e9ception de la marchandise, \u00eatre signal\u00e9s par \u00e9crit \u00e0 La Vall\u00e9e. Les vices cach\u00e9s peuvent faire l\u2019objet d\u2019une r\u00e9clamation \u00e9crite jusqu\u2019\u00e0 six mois apr\u00e8s r\u00e9ception de la marchandise. Les retours ne sont accept\u00e9s qu\u2019avec l\u2019accord pr\u00e9alable de La Vall\u00e9e et accompagn\u00e9s de la totalit\u00e9 des produits et d\u2019une copie de la facture. <\/p>\n\n<p>L\u2019acqu\u00e9reur est responsable du transport dans les r\u00e8gles de l\u2019art de la marchandise. Les frais d\u2019envoi sont \u00e0 sa charge. La Vall\u00e9e d\u00e9cide, \u00e0 sa discr\u00e9tion, si une livraison d\u00e9fectueuse doit \u00eatre corrig\u00e9e ou remplac\u00e9e en totalit\u00e9 ou en partie. Tous les autres droits de garantie sont express\u00e9ment exclus. La Vall\u00e9e ne peut, en particulier, \u00eatre tenu responsable des dommages directs ou indirects.<\/p>\n\n<p><\/p>\n","protected":false},"excerpt":{"rendered":"<p>Les livraisons erron\u00e9es, les diff\u00e9rences de quantit\u00e9 et les d\u00e9fauts apparents doivent imm\u00e9diatement, au plus tard pendant les 5 jours ouvrables suivant la r\u00e9ception de la marchandise, \u00eatre signal\u00e9s par \u00e9crit \u00e0 La Vall\u00e9e. Les vices cach\u00e9s peuvent faire l\u2019objet d\u2019une r\u00e9clamation \u00e9crite jusqu\u2019\u00e0 six mois apr\u00e8s r\u00e9ception de la marchandise. Les retours ne sont [&hellip;]<\/p>\n","protected":false},"author":1,"featured_media":0,"parent":0,"menu_order":0,"comment_status":"closed","ping_status":"closed","template":"templates\/template-text-page.php","meta":[],"acf":[],"_links":{"self":[{"href":"https:\/\/lavallee.ch\/fr\/wp-json\/wp\/v2\/pages\/6379"}],"collection":[{"href":"https:\/\/lavallee.ch\/fr\/wp-json\/wp\/v2\/pages"}],"about":[{"href":"https:\/\/lavallee.ch\/fr\/wp-json\/wp\/v2\/types\/page"}],"author":[{"embeddable":true,"href":"https:\/\/lavallee.ch\/fr\/wp-json\/wp\/v2\/users\/1"}],"replies":[{"embeddable":true,"href":"https:\/\/lavallee.ch\/fr\/wp-json\/wp\/v2\/comments?post=6379"}],"version-history":[{"count":1,"href":"https:\/\/lavallee.ch\/fr\/wp-json\/wp\/v2\/pages\/6379\/revisions"}],"predecessor-version":[{"id":6380,"href":"https:\/\/lavallee.ch\/fr\/wp-json\/wp\/v2\/pages\/6379\/revisions\/6380"}],"wp:attachment":[{"href":"https:\/\/lavallee.ch\/fr\/wp-json\/wp\/v2\/media?parent=6379"}],"curies":[{"name":"wp","href":"https:\/\/api.w.org\/{rel}","templated":true}]}}