{"id":6377,"date":"2020-06-22T12:03:19","date_gmt":"2020-06-22T12:03:19","guid":{"rendered":"https:\/\/lavallee.ch\/expedition\/"},"modified":"2020-06-22T12:03:20","modified_gmt":"2020-06-22T12:03:20","slug":"expedition","status":"publish","type":"page","link":"https:\/\/lavallee.ch\/fr\/expedition\/","title":{"rendered":"Exp\u00e9dition"},"content":{"rendered":"\n<p>La Vall\u00e9e exp\u00e9die les marchandises achet\u00e9es en ligne dans le monde entier. L\u2019envoi a lieu une fois confirmation de r\u00e9ception du paiement. Veuillez noter que la livraison a lieu aux risques du destinataire.<\/p>\n\n<p><strong>FRAIS DE LIVRAISON &amp; COMMANDE MINIMALE<\/strong><\/p>\n\n<p>Suisse: CHF 9.80.\u00a0<br\/>Aucuns frais de livraison ne seront factur\u00e9s pour toute commande sup\u00e9rieure \u00e0 350.- CHF<\/p>\n\n<p>Europe:\u00a0CHF 34.-.\u00a0<br\/>Aucuns frais de livraison ne seront factur\u00e9s pour toute commande sup\u00e9rieure \u00e0 350.- CHF<\/p>\n\n<p>Canada\/USA:\u00a0CHF 44.-.\u00a0<br\/>Aucuns frais de livraison ne seront factur\u00e9s pour toute commande sup\u00e9rieure \u00e0 350.- CHF<\/p>\n\n<p>Oceania:\u00a0CHF 53.-.\u00a0<br\/>Aucuns frais de livraison ne seront factur\u00e9s pour toute commande sup\u00e9rieure \u00e0 350.- CHF<\/p>\n\n<p>Asie:\u00a0CHF 53.-.\u00a0<br\/>Aucuns frais de livraison ne seront factur\u00e9s pour toute commande sup\u00e9rieure \u00e0 350.- CHF<\/p>\n\n<p>Afrique: CHF 53.-.\u00a0<br\/>Aucuns frais de livraison ne seront factur\u00e9s pour toute commande sup\u00e9rieure \u00e0 350.- CHF<\/p>\n\n<p><strong>DELAIS DE LIVRAISON<\/strong><\/p>\n\n<p>Sauf indication contraire dans la confirmation de commande, la livraison a lieu env. 5 \u2013 20 jours ouvrables (selon le pays de destination), une fois r\u00e9ception de confirmation du paiement. En l\u2019absence de livraison durant le d\u00e9lai indiqu\u00e9 ci-dessus, l\u2019acqu\u00e9reur est autoris\u00e9 \u00e0 r\u00e9silier le contrat. Cette r\u00e9siliation n\u2019est valable que si elle est communiqu\u00e9e par lettre recommand\u00e9e. Dans le cas contraire, les revendications de l\u2019acqu\u00e9reur li\u00e9es au retard de livraison ou \u00e0 la r\u00e9siliation sont express\u00e9ment exclues.&#13;\n<\/p>\n\n<p><strong>PRIX<\/strong><\/p>\n\n<p>Les prix indiqu\u00e9s sur le site officiel de La Vall\u00e9e sont susceptibles d\u2019\u00eatre modifi\u00e9s \u00e0 tout moment sans pr\u00e9avis. En cas de modifications lors du traitement d\u2019une commande en raison de l\u2019augmentation des co\u00fbts, de charges fiscales suppl\u00e9mentaires, de droits de douane accrus ou de fortes fluctuations mon\u00e9taires, La Vall\u00e9e se r\u00e9serve le droit de proc\u00e9der \u00e0 un ajustement de prix correspondant.<\/p>\n\n<p><strong>TVA<\/strong><\/p>\n\n<p>Les prix indiqu\u00e9s incluent la taxe sur la valeur ajout\u00e9e l\u00e9gale en Suisse.<\/p>\n\n<p><strong>DROIT DE DOUANE<\/strong><\/p>\n\n<p>Pour toutes les livraisons hors de Suisse, les droits de douane et taxes locales sont \u00e0 la charge de l\u2019acheteur.<\/p>\n","protected":false},"excerpt":{"rendered":"<p>La Vall\u00e9e exp\u00e9die les marchandises achet\u00e9es en ligne dans le monde entier. L\u2019envoi a lieu une fois confirmation de r\u00e9ception du paiement. Veuillez noter que la livraison a lieu aux risques du destinataire. FRAIS DE LIVRAISON &amp; COMMANDE MINIMALE Suisse: CHF 9.80.\u00a0Aucuns frais de livraison ne seront factur\u00e9s pour toute commande sup\u00e9rieure \u00e0 350.- CHF [&hellip;]<\/p>\n","protected":false},"author":1,"featured_media":0,"parent":0,"menu_order":0,"comment_status":"closed","ping_status":"closed","template":"templates\/template-text-page.php","meta":[],"acf":[],"_links":{"self":[{"href":"https:\/\/lavallee.ch\/fr\/wp-json\/wp\/v2\/pages\/6377"}],"collection":[{"href":"https:\/\/lavallee.ch\/fr\/wp-json\/wp\/v2\/pages"}],"about":[{"href":"https:\/\/lavallee.ch\/fr\/wp-json\/wp\/v2\/types\/page"}],"author":[{"embeddable":true,"href":"https:\/\/lavallee.ch\/fr\/wp-json\/wp\/v2\/users\/1"}],"replies":[{"embeddable":true,"href":"https:\/\/lavallee.ch\/fr\/wp-json\/wp\/v2\/comments?post=6377"}],"version-history":[{"count":1,"href":"https:\/\/lavallee.ch\/fr\/wp-json\/wp\/v2\/pages\/6377\/revisions"}],"predecessor-version":[{"id":6378,"href":"https:\/\/lavallee.ch\/fr\/wp-json\/wp\/v2\/pages\/6377\/revisions\/6378"}],"wp:attachment":[{"href":"https:\/\/lavallee.ch\/fr\/wp-json\/wp\/v2\/media?parent=6377"}],"curies":[{"name":"wp","href":"https:\/\/api.w.org\/{rel}","templated":true}]}}